{"id":9883,"date":"2024-05-28T09:30:07","date_gmt":"2024-05-28T09:30:07","guid":{"rendered":"https:\/\/alba.fi\/tuote\/abcd-480-stjarnenatten\/"},"modified":"2024-05-28T09:30:07","modified_gmt":"2024-05-28T09:30:07","slug":"abcd-480-stjarnenatten","status":"publish","type":"product","link":"https:\/\/alba.fi\/en\/product\/abcd-480-stjarnenatten\/","title":{"rendered":"ABCD 480 \u2013 Stj\u00e4rnenatten"},"content":{"rendered":"<p><span style=\"font-weight: 400;\">Albumi sis\u00e4lt\u00e4\u00e4 kahden merkitt\u00e4v\u00e4n kotimaisen aikalaisrunoilijan, Edith S\u00f6dergranin ja Eino Leinon tekstej\u00e4 Sarmannon s\u00e4vellyksiin. Levyll\u00e4 on musiikkia molemmilla kotimaisilla kielill\u00e4 ja se juhlistaa Sarmannon ja Kilpel\u00e4isen l\u00e4hes kaksi vuosikymment\u00e4 jatkunutta yhteisty\u00f6t\u00e4. Levyll\u00e4 ovat mukana Kilpel\u00e4isen ja Sarmannon ohella maamme eturivin jazzmuusikot Jussi Kannaste (tenorisaksofoni), Juhani Aaltonen (huilu), Wade Mikkola (kontrabasso) ja Thomas T\u00f6rnroos (rummut).<\/span><\/p>\n","protected":false},"excerpt":{"rendered":"<p>Albumi sis\u00e4lt\u00e4\u00e4 kahden merkitt\u00e4v\u00e4n kotimaisen aikalaisrunoilijan, Edith S\u00f6dergranin ja Eino Leinon tekstej\u00e4 Sarmannon s\u00e4vellyksiin. Levyll\u00e4 on musiikkia molemmilla kotimaisilla kielill\u00e4 ja se juhlistaa Sarmannon ja Kilpel\u00e4isen l\u00e4hes kaksi vuosikymment\u00e4 jatkunutta yhteisty\u00f6t\u00e4. Levyll\u00e4 ovat mukana Kilpel\u00e4isen ja Sarmannon ohella maamme eturivin jazzmuusikot Jussi Kannaste (tenorisaksofoni), Juhani Aaltonen (huilu), Wade Mikkola (kontrabasso) ja Thomas T\u00f6rnroos (rummut).<\/p>\n","protected":false},"featured_media":9853,"comment_status":"open","ping_status":"closed","template":"","meta":{"_acf_changed":false,"_themeisle_gutenberg_block_has_review":false},"product_brand":[],"product_cat":[230,190,188,215,192,219],"product_tag":[],"class_list":{"0":"post-9883","1":"product","2":"type-product","3":"status-publish","4":"has-post-thumbnail","6":"product_cat-abcd-en","7":"product_cat-all-discs","8":"product_cat-jazz","9":"product_cat-latest-releases","10":"product_cat-popular-music","11":"product_cat-vocal-music","12":"product_shipping_class-cd","14":"first","15":"instock","16":"taxable","17":"shipping-taxable","18":"purchasable","19":"product-type-simple"},"acf":[],"_links":{"self":[{"href":"https:\/\/alba.fi\/en\/wp-json\/wp\/v2\/product\/9883","targetHints":{"allow":["GET"]}}],"collection":[{"href":"https:\/\/alba.fi\/en\/wp-json\/wp\/v2\/product"}],"about":[{"href":"https:\/\/alba.fi\/en\/wp-json\/wp\/v2\/types\/product"}],"replies":[{"embeddable":true,"href":"https:\/\/alba.fi\/en\/wp-json\/wp\/v2\/comments?post=9883"}],"wp:featuredmedia":[{"embeddable":true,"href":"https:\/\/alba.fi\/en\/wp-json\/wp\/v2\/media\/9853"}],"wp:attachment":[{"href":"https:\/\/alba.fi\/en\/wp-json\/wp\/v2\/media?parent=9883"}],"wp:term":[{"taxonomy":"product_brand","embeddable":true,"href":"https:\/\/alba.fi\/en\/wp-json\/wp\/v2\/product_brand?post=9883"},{"taxonomy":"product_cat","embeddable":true,"href":"https:\/\/alba.fi\/en\/wp-json\/wp\/v2\/product_cat?post=9883"},{"taxonomy":"product_tag","embeddable":true,"href":"https:\/\/alba.fi\/en\/wp-json\/wp\/v2\/product_tag?post=9883"}],"curies":[{"name":"wp","href":"https:\/\/api.w.org\/{rel}","templated":true}]}}