{"id":9500,"date":"2023-07-08T11:05:18","date_gmt":"2023-07-08T11:05:18","guid":{"rendered":"https:\/\/alba.fi\/tuote\/trit-14-kiitos-isa-taivaan\/"},"modified":"2023-07-08T11:05:18","modified_gmt":"2023-07-08T11:05:18","slug":"trit-14-kiitos-isa-taivaan","status":"publish","type":"product","link":"https:\/\/alba.fi\/en\/product\/trit-14-kiitos-isa-taivaan\/","title":{"rendered":"TRIT 14 \u2013 Kiitos Is\u00e4 Taivaan"},"content":{"rendered":"<p>Kiitos Is\u00e4 taivaan \u2013 levy esittelee, tenori Petrus Schroderuksen vaikuttavasti tulkitsemana, kokoelman perinteisi\u00e4 virsi\u00e4, Siionin lauluja ja hengellisi\u00e4 s\u00e4velmi\u00e4. Laulut kertovat kiitollisuudesta el\u00e4m\u00e4\u00e4 kohtaan ja luottamuksesta Luojan armoon my\u00f6s haastavina aikoina.<\/p>\n<p>Sovitukset ovat tehty ajatellen Petrus Schroderuksen vahvaa \u00e4\u00e4nt\u00e4 ja juurevaa ilmaisua. Orkesterissa linnut livert\u00e4v\u00e4t, sis\u00e4inen pelko sek\u00e4 ihmetys v\u00e4risev\u00e4t jousien nopeassa tremolossa, kaipaus ilmenee paikallaan kiert\u00e4viss\u00e4 kuvioissa ja taivas aukeaa korkeiden jousien yl\u00f6sp\u00e4in avautuvissa linjoissa.<\/p>\n<p>Petruksen kanssa lauluja tulkitsee Sinikka Ala-Leppilammen luotsaama Oulunsalo Ensemble johtajanaan virsien sovittaja ja Petruksen pitk\u00e4aikainen pianisti ja valmentaja Markus Vaara.<\/p>\n","protected":false},"excerpt":{"rendered":"<p>Suomalaisia virsi\u00e4 ja hengellisi\u00e4 lauluja<\/p>\n","protected":false},"featured_media":9439,"comment_status":"open","ping_status":"closed","template":"","meta":{"_acf_changed":false,"_themeisle_gutenberg_block_has_review":false},"product_brand":[],"product_cat":[190,185,215,270,208,265],"product_tag":[],"class_list":{"0":"post-9500","1":"product","2":"type-product","3":"status-publish","4":"has-post-thumbnail","6":"product_cat-all-discs","7":"product_cat-gospel","8":"product_cat-latest-releases","9":"product_cat-muut-levyt-en","10":"product_cat-sacral-music","11":"product_cat-tritonus-en","12":"product_shipping_class-cd","14":"first","15":"instock","16":"taxable","17":"shipping-taxable","18":"purchasable","19":"product-type-simple"},"acf":[],"_links":{"self":[{"href":"https:\/\/alba.fi\/en\/wp-json\/wp\/v2\/product\/9500","targetHints":{"allow":["GET"]}}],"collection":[{"href":"https:\/\/alba.fi\/en\/wp-json\/wp\/v2\/product"}],"about":[{"href":"https:\/\/alba.fi\/en\/wp-json\/wp\/v2\/types\/product"}],"replies":[{"embeddable":true,"href":"https:\/\/alba.fi\/en\/wp-json\/wp\/v2\/comments?post=9500"}],"wp:featuredmedia":[{"embeddable":true,"href":"https:\/\/alba.fi\/en\/wp-json\/wp\/v2\/media\/9439"}],"wp:attachment":[{"href":"https:\/\/alba.fi\/en\/wp-json\/wp\/v2\/media?parent=9500"}],"wp:term":[{"taxonomy":"product_brand","embeddable":true,"href":"https:\/\/alba.fi\/en\/wp-json\/wp\/v2\/product_brand?post=9500"},{"taxonomy":"product_cat","embeddable":true,"href":"https:\/\/alba.fi\/en\/wp-json\/wp\/v2\/product_cat?post=9500"},{"taxonomy":"product_tag","embeddable":true,"href":"https:\/\/alba.fi\/en\/wp-json\/wp\/v2\/product_tag?post=9500"}],"curies":[{"name":"wp","href":"https:\/\/api.w.org\/{rel}","templated":true}]}}