{"id":9458,"date":"2023-05-04T07:49:09","date_gmt":"2023-05-04T07:49:09","guid":{"rendered":"https:\/\/alba.fi\/tuote\/abcd-471-masa-orpana-honk-the-chase\/"},"modified":"2023-09-06T15:24:51","modified_gmt":"2023-09-06T15:24:51","slug":"abcd-471-masa-orpana-honk-the-chase","status":"publish","type":"product","link":"https:\/\/alba.fi\/en\/product\/abcd-471-masa-orpana-honk-the-chase\/","title":{"rendered":"ABCD 471 \u2013 Masa Orpana Honk &#8211; The Chase!"},"content":{"rendered":"<p style=\"line-height: 12.0pt; margin: .1pt 0cm .1pt 0cm;\"><span style=\"color: black;\">Vuonna 2012 perustetun Honkin kokoonpano on kolme vuotta sitten<span class=\"apple-converted-space\">\u00a0<\/span>kasvanut kahdella saksofonistilla, ja Orpana onkin tehnyt uudet<span class=\"apple-converted-space\">\u00a0<\/span>sovituksensa<span class=\"apple-converted-space\">\u00a0<\/span>varta vasten t\u00e4lle laajennetulle yhtyeelle.<span class=\"apple-converted-space\">\u00a0\u00a0<\/span>Esityksiss\u00e4 korostuu<span class=\"apple-converted-space\">\u00a0<\/span>puhallinsektion rooli b\u00e4ndiss\u00e4 sek\u00e4 eri saksofonien rytmiset ja soinnilliset mahdollisuudet. Konserttibiisien lis\u00e4ksi levyn muidenkin kappaleiden b\u00e4ndiosuudet on tallennettu live-\u00e4\u00e4nityksin\u00e4.<\/span><\/p>\n<p style=\"line-height: 12.0pt; margin: .1pt 0cm .1pt 0cm;\"><span style=\"color: black;\">Merkitt\u00e4v\u00e4 osa levyn kappaleista on Masa Orpanan s\u00e4velt\u00e4mi\u00e4 instrumentaaleja. Tyylillisesti ne ovat saaneet inspiraationsa laajasta afroamerikkalaisen juurimusiikin kirjosta: New Orleansin rhythm and bluesista, Chicagon ja Texasin bluesista, l\u00e4nsirannikon jazz-vaikutteisesta, svengaavasta jump bluesista, gospelista, soulista ja funkista.<\/span><\/p>\n<p style=\"line-height: 12.0pt; margin: .1pt 0cm .1pt 0cm;\"><span style=\"color: black;\">Orpanan instrumentaalien<span class=\"apple-converted-space\">\u00a0<\/span>lis\u00e4ksi<span class=\"apple-converted-space\">\u00a0<\/span>The Chase! -levyll\u00e4 on mukana yhtyeen kitaristin<span class=\"apple-converted-space\">\u00a0<\/span><b><i>Johnny Gideonin<\/i><\/b>(alias<span class=\"apple-converted-space\">\u00a0<\/span><b><i>Jonni Sepp\u00e4l\u00e4<\/i><\/b>)<span class=\"apple-converted-space\">\u00a0<\/span>perinteisen rhythm and bluesin hengess\u00e4 keinuva kappale Looking for My Baby<span class=\"apple-converted-space\">\u00a0<\/span>sek\u00e4 muutama Honkin versioima tyylilajin klassikko. Kappaleilla kuullaan Sepp\u00e4l\u00e4n miellytt\u00e4v\u00e4n rentoa, svengaavaa laulua sek\u00e4 v\u00e4kev\u00e4\u00e4 ja yll\u00e4tyksellist\u00e4 kitarointia. My\u00f6s fonistien soolot \u00e4ityv\u00e4t villeiksi.<\/span><\/p>\n<p style=\"line-height: 12.0pt; margin: .1pt 0cm .1pt 0cm;\"><span style=\"color: black;\">Alba on aiemmin julkaissut kaksi Masa Orpana Honkin pitk\u00e4soittolevy\u00e4:<span class=\"apple-converted-space\">\u00a0<\/span><b>Travelin\u2019 Home<span class=\"apple-converted-space\">\u00a0<\/span><\/b>(2014) ja<span class=\"apple-converted-space\">\u00a0<\/span><b>Honk<\/b><span class=\"apple-converted-space\">\u00a0<\/span>(2018) sek\u00e4 Orpanan levyt<span class=\"apple-converted-space\">\u00a0<\/span><b>Honky Tonk Man<\/b><span class=\"apple-converted-space\">\u00a0<\/span>(2005),<span class=\"apple-converted-space\">\u00a0<\/span><b>Brothers<\/b><span class=\"apple-converted-space\">\u00a0<\/span>(2008), EP:t<span class=\"apple-converted-space\">\u00a0<\/span><b>Shakin&#8217;<\/b>(2021),<span class=\"apple-converted-space\">\u00a0<\/span><b>The BigB<\/b><span class=\"apple-converted-space\">\u00a0<\/span>(2021) ja<span class=\"apple-converted-space\">\u00a0<\/span><b>Rusty<\/b><span class=\"apple-converted-space\">\u00a0<\/span>(2018) sek\u00e4 useita Masa Orpanan singlej\u00e4. Orpana tunnetaan my\u00f6s muun muassa<span class=\"apple-converted-space\">\u00a0<\/span><b>Jazzmuseo<\/b>,<span class=\"apple-converted-space\">\u00a0<\/span><b>Anssi Tikanm\u00e4ki Orchestra<\/b>,<span class=\"apple-converted-space\">\u00a0<\/span><b>Rakka<\/b>,<span class=\"apple-converted-space\">\u00a0<\/span><b>Olmarin Unioni<span class=\"apple-converted-space\">\u00a0<\/span><\/b>ja<b>Groovy Eyes<\/b><span class=\"apple-converted-space\">\u00a0<\/span>-yhtyeiden j\u00e4senen\u00e4.<\/span><\/p>\n","protected":false},"excerpt":{"rendered":"<p><span style=\"color: black;\">The Chase! -CD<span class=\"apple-converted-space\">\u00a0<\/span>sis\u00e4lt\u00e4\u00e4<span class=\"apple-converted-space\">\u00a0<\/span>aiemmin vain digijakelussa julkaistuja kappaleita sek\u00e4 ennen julkaisematonta, konsertissa \u00e4\u00e4nitetty\u00e4 musiikkia.<\/span><\/p>\n","protected":false},"featured_media":9386,"comment_status":"open","ping_status":"closed","template":"","meta":{"_acf_changed":false,"_themeisle_gutenberg_block_has_review":false},"product_brand":[],"product_cat":[230,190,188,215],"product_tag":[],"class_list":{"0":"post-9458","1":"product","2":"type-product","3":"status-publish","4":"has-post-thumbnail","6":"product_cat-abcd-en","7":"product_cat-all-discs","8":"product_cat-jazz","9":"product_cat-latest-releases","10":"product_shipping_class-cd","12":"first","13":"instock","14":"taxable","15":"shipping-taxable","16":"purchasable","17":"product-type-simple"},"acf":[],"_links":{"self":[{"href":"https:\/\/alba.fi\/en\/wp-json\/wp\/v2\/product\/9458","targetHints":{"allow":["GET"]}}],"collection":[{"href":"https:\/\/alba.fi\/en\/wp-json\/wp\/v2\/product"}],"about":[{"href":"https:\/\/alba.fi\/en\/wp-json\/wp\/v2\/types\/product"}],"replies":[{"embeddable":true,"href":"https:\/\/alba.fi\/en\/wp-json\/wp\/v2\/comments?post=9458"}],"wp:featuredmedia":[{"embeddable":true,"href":"https:\/\/alba.fi\/en\/wp-json\/wp\/v2\/media\/9386"}],"wp:attachment":[{"href":"https:\/\/alba.fi\/en\/wp-json\/wp\/v2\/media?parent=9458"}],"wp:term":[{"taxonomy":"product_brand","embeddable":true,"href":"https:\/\/alba.fi\/en\/wp-json\/wp\/v2\/product_brand?post=9458"},{"taxonomy":"product_cat","embeddable":true,"href":"https:\/\/alba.fi\/en\/wp-json\/wp\/v2\/product_cat?post=9458"},{"taxonomy":"product_tag","embeddable":true,"href":"https:\/\/alba.fi\/en\/wp-json\/wp\/v2\/product_tag?post=9458"}],"curies":[{"name":"wp","href":"https:\/\/api.w.org\/{rel}","templated":true}]}}