{"id":9137,"date":"2023-02-02T14:31:27","date_gmt":"2023-02-02T14:31:27","guid":{"rendered":"https:\/\/alba.fi\/tuote\/abcd-521-streams\/"},"modified":"2025-04-18T16:09:16","modified_gmt":"2025-04-18T16:09:16","slug":"abcd-521-streams","status":"publish","type":"product","link":"https:\/\/alba.fi\/en\/product\/abcd-521-streams\/","title":{"rendered":"ABCD 521 \u2013 Streams"},"content":{"rendered":"<p>Jyv\u00e4skyl\u00e4 Sinfonia levytti kev\u00e4\u00e4ll\u00e4 2021 Mikkelin Mikaelissa Per Henrik Nordgrenin eritt\u00e4in harvakseltaan esitetty\u00e4 musiikkia. Levyll\u00e4 kuultavat kolme teosta \u2013 Streams, Sellokonsertton nro 5 sek\u00e4 Kamarisinfonia &#8211; on kirjoitettu hieman erilaisille kamariorkesterikokoonpanoille, ja ne tarjoavat siten edustavan n\u00e4k\u00f6alan Nordgrenin soivaan ajatteluun yhdist\u00e4en niin pient\u00e4 kuin suurta mittakaavaa. Levytyksen johti Jyv\u00e4skyl\u00e4 Sinfonian ylikapellimestarina toiminut\u00a0<strong>Ville Matvejeff<\/strong>\u00a0ja sellokonserton tulkitsi <strong>Tuomas Ylinen<\/strong>. Levyn kannessa komeilee jyv\u00e4skyl\u00e4l\u00e4isen kuvataiteilija Jaakko Valon teos Valkoisen valta I. Valo ja Nordgren tutustuivat aikoinaan Kaustisilla.<\/p>\n<p><strong><em>Streams\u00a0<\/em><\/strong><em>(suom. \u201dvirtauksia\u201d tai \u201dvirtoja\u201d) on alun perin Vantaan musiikkiopiston tilausteos, joka kantaesitettiin 2.11.1991. Se on omistettu opiston rehtori Jarmo Ahvenaiselle, jonka kanssa Nordgren teki muutenkin yhteisty\u00f6t\u00e4: Ahvenainen oli alttoviulistina kantaesitt\u00e4nyt Nordgrenin kaksi ensimm\u00e4ist\u00e4 alttoviulukonserttoa 1970-luvulla.\u00a0<\/em><\/p>\n<p><strong><em>Viides sellokonsertto<\/em><\/strong>\u00a0<em>lukeutuu Nordgrenin viimeisiin teoksiin ja se on omistettu sellisti Erkki Rautiolle. Uusi konsertto sai alkunsa kes\u00e4ll\u00e4 2004, kun Rautio kantaesitti yhdess\u00e4 kitaristi Petri Kumelan kanssa Nordgrenin teoksen Klippgrund sellolle ja kitaralle. T\u00e4m\u00e4n voimakas ja vision\u00e4\u00e4rinen sellonsoitto her\u00e4tti Nordgrenissa spontaanin halun viel\u00e4 yhden sellokonserton s\u00e4velt\u00e4miseen. Rautio kantaesitti konserton kapellimestari Okko Kamun johdolla Tapiola Sinfoniettan solistina Espoossa 18.11.2005.\u00a0<\/em><\/p>\n<p><strong><em>Kamarisinfonia<\/em><\/strong>\u00a0<em>tilattiin Lahden Kamarimusiikkiseuran toimesta, joka oli 1990-luvulla alkanut panostaa voimakkaasti uuteen musiikkiin. Teos kantaesitettiin Lahdessa 21.11.1996 Sinfonia Lahden ylikapellimestari Osmo V\u00e4nsk\u00e4n johdolla. Nordgren ei lukenut teosta kahdeksan numeroidun sinfoniansa joukkoon, kuten ei my\u00f6sk\u00e4\u00e4n aiemmin s\u00e4velt\u00e4m\u00e4\u00e4ns\u00e4 sinfoniaa jousille.\u00a0<\/em><\/p>\n","protected":false},"excerpt":{"rendered":"<p>Jyv\u00e4skyl\u00e4 Sinfonia levytti kev\u00e4\u00e4ll\u00e4 2021 Mikkelin Mikaelissa Per Henrik Nordgrenin eritt\u00e4in harvakseltaan esitetty\u00e4 musiikkia. Levyll\u00e4 kuultavat kolme teosta \u2013 Streams, Sellokonsertton nro 5 sek\u00e4 Kamarisinfonia &#8211; on kirjoitettu hieman erilaisille kamariorkesterikokoonpanoille, ja ne tarjoavat siten edustavan n\u00e4k\u00f6alan Nordgrenin soivaan ajatteluun yhdist\u00e4en niin pient\u00e4 kuin suurta mittakaavaa. Levytyksen johti Jyv\u00e4skyl\u00e4 Sinfonian ylikapellimestarina toiminut\u00a0Ville Matvejeff\u00a0ja sellokonserton tulkitsi [&hellip;]<\/p>\n","protected":false},"featured_media":9134,"comment_status":"open","ping_status":"closed","template":"","meta":{"_acf_changed":false,"_themeisle_gutenberg_block_has_review":false},"product_brand":[],"product_cat":[230,190,209,179,234,215,203],"product_tag":[],"class_list":{"0":"post-9137","1":"product","2":"type-product","3":"status-publish","4":"has-post-thumbnail","6":"product_cat-abcd-en","7":"product_cat-all-discs","8":"product_cat-cello","9":"product_cat-contemporary-music","10":"product_cat-general","11":"product_cat-latest-releases","12":"product_cat-orchestral","13":"product_shipping_class-cd","15":"first","16":"instock","17":"taxable","18":"shipping-taxable","19":"purchasable","20":"product-type-simple"},"acf":[],"_links":{"self":[{"href":"https:\/\/alba.fi\/en\/wp-json\/wp\/v2\/product\/9137","targetHints":{"allow":["GET"]}}],"collection":[{"href":"https:\/\/alba.fi\/en\/wp-json\/wp\/v2\/product"}],"about":[{"href":"https:\/\/alba.fi\/en\/wp-json\/wp\/v2\/types\/product"}],"replies":[{"embeddable":true,"href":"https:\/\/alba.fi\/en\/wp-json\/wp\/v2\/comments?post=9137"}],"wp:featuredmedia":[{"embeddable":true,"href":"https:\/\/alba.fi\/en\/wp-json\/wp\/v2\/media\/9134"}],"wp:attachment":[{"href":"https:\/\/alba.fi\/en\/wp-json\/wp\/v2\/media?parent=9137"}],"wp:term":[{"taxonomy":"product_brand","embeddable":true,"href":"https:\/\/alba.fi\/en\/wp-json\/wp\/v2\/product_brand?post=9137"},{"taxonomy":"product_cat","embeddable":true,"href":"https:\/\/alba.fi\/en\/wp-json\/wp\/v2\/product_cat?post=9137"},{"taxonomy":"product_tag","embeddable":true,"href":"https:\/\/alba.fi\/en\/wp-json\/wp\/v2\/product_tag?post=9137"}],"curies":[{"name":"wp","href":"https:\/\/api.w.org\/{rel}","templated":true}]}}