{"id":8916,"date":"2019-09-07T12:55:52","date_gmt":"2019-09-07T12:55:52","guid":{"rendered":"https:\/\/alba.fi\/tuote\/abcd-365-amalia-tribute-alkuperaista-fadoa-tarja-harkosen-suomennoksina\/"},"modified":"2019-09-07T12:55:52","modified_gmt":"2019-09-07T12:55:52","slug":"abcd-365-amalia-tribute-alkuperaista-fadoa-tarja-harkosen-suomennoksina","status":"publish","type":"product","link":"https:\/\/alba.fi\/en\/product\/abcd-365-amalia-tribute-alkuperaista-fadoa-tarja-harkosen-suomennoksina\/","title":{"rendered":"ABCD 365 \u2013 AM\u00c1LIA TRIBUTE alkuper\u00e4ist\u00e4 fadoa Tarja H\u00e4rk\u00f6sen suomennoksina"},"content":{"rendered":"<p><strong>Fado voi taipua luontevasti suomeksikin<\/strong><\/p>\n<p>&#8220;Laulaja Kirsi Poutasta ja suomentaja Tarja H\u00e4rk\u00f6st\u00e4 voikin onnitella: he n\u00e4ytt\u00e4v\u00e4t, ett\u00e4 fado voi taipua uskottavsti my\u00f6s suomeksi. Poutanen koristelee niekutellen pitk\u00e4t tavut ehtaan fadotyyliin. [&#8230;] S\u00e4estyksest\u00e4 vastaa kolme huippuluokan portugalilaista kielisoittajaa.&#8221;<br \/>\n<em>Pirkko Kotirinta \/ Helsingin Sanomat<\/em><\/p>\n<p>\u2013\u2013\u2013\u2013\u2013\u2013\u2013\u2013\u2013\u2013\u2013\u2013\u2013\u2013\u2013\u2013\u2013\u2013\u2013\u2013\u2013\u2013\u2013\u2013\u2013\u2013\u2013\u2013\u2013\u2013\u2013\u2013\u2013\u2013\u2013\u2013\u2013\u2013\u2013\u2013\u2013\u2013\u2013\u2013\u2013\u2013\u2013<\/p>\n<p><strong>Fado k\u00e4\u00e4ntyy my\u00f6s suomeksi<\/strong><\/p>\n<p>&#8220;Kirsi Poutanen osoittaa uudella levyll\u00e4\u00e4n kuniaa fadon kuningattarelle, Am\u00e1lia Rodriguesille. [&#8230;] Am\u00e1lia Tribute on tunnelmallinen ja hienostunut levy. Poutasen t\u00e4ytel\u00e4inen ja ilmaisuvoimainen \u00e4\u00e4ni sopii hyvin kohtalokkaaseen fadoon ja tulkinnat ovat huoliteltuja. My\u00f6s portugalin \u00e4\u00e4nt\u00e4minen on kohdallaan. Esitykset ovat rytmisesti joustavia ja etenev\u00e4t vaivattomasti. [&#8230;] Muusikot viev\u00e4t laulujen tarinoita eteenp\u00e4in viimeistellyll\u00e4 ja el\u00e4v\u00e4isell\u00e4 soitollaan. [&#8230;] Parhaimmillaan fadon ytimen tavoittavissa esityksiss\u00e4 Poutasen ja yhtyeen yhteisty\u00f6 toimii moitteettomasti. [&#8230;] Tarja H\u00e4rk\u00f6nen on sulavissa suomennoksissaan osannut huomioida fadon ominaisluonteen ja alkuper\u00e4isen runouden laulullisuuden.&#8221;<br \/>\n<em>Kirsti Holmberg \/ Aamulehti<\/em><\/p>\n<p>\u2013\u2013\u2013\u2013\u2013\u2013\u2013\u2013\u2013\u2013\u2013\u2013\u2013\u2013\u2013\u2013\u2013\u2013\u2013\u2013\u2013\u2013\u2013\u2013\u2013\u2013\u2013\u2013\u2013\u2013\u2013\u2013\u2013\u2013\u2013\u2013\u2013\u2013\u2013\u2013\u2013\u2013\u2013\u2013\u2013\u2013\u2013<\/p>\n<p>Alkuper\u00e4ist\u00e4 fadoa suomeksi<\/p>\n<p>Uutuuslevyll\u00e4 AM\u00c1LIA TRIBUTE kuullaan maailman ensilevytyksen\u00e4 aitoa portugalilaista fadoa suomeksi laulettuna. Kaihon ja nostalgian s\u00e4vytt\u00e4m\u00e4 fado on Portugalin lahja maailman musiikille, Unescon maailman perint\u00f6kohteeksi nime\u00e4m\u00e4 muusiikin laji. Am\u00e1lia Tribute tekee kunniaa fadon edesmenneelle kuningattarelle Am\u00e1lia Rodriguesille. Paketin tarjoilevat portugalilaiset Carlos Manuel Proen\u00e7a, ryhm\u00e4n akustista fadokitaraa soittava sielu, Jos\u00e9 Manuel Neto, portugalinkitara (eli se v\u00e4r\u00e4j\u00e4v\u00e4 soitin, joka luo fadoon aivan omanlaisen saundin) ja Daniel Pinto, fadobasso. Fadistana laulaa Kirsi Poutanen, joka sai fadistan kunnianimen Lissabonin menestyksekk\u00e4\u00e4ll\u00e4 vierailullaan. Portugalilaiset muusikot edustavat aikamme fadogenren huippua niin kotimaassaan kuin maailmallakin. Kolmikkoa kuullaan kansainv\u00e4lisill\u00e4 areenoilla mm. Marizan, Christina Brancon, Caman\u00e9n, Carminhon, Ana Mouran, M\u00edsian sek\u00e4 Ant\u00f3nio Zambujon yhteisty\u00f6kumppaneina. Laulutekstit on suomentanut Tarja H\u00e4rk\u00f6nen, joka tunnetaan arvostettuna espanjan- ja portugalinkielisen kirjallisuuden suomentajana. Levyn taustavaikuttajana ja vastaavana tuottajana toimi Timo Ruottinen ja julkaisina kotimaassa Rocket Records.<\/p>\n","protected":false},"excerpt":{"rendered":"<p>Fado voi taipua luontevasti suomeksikin &#8220;Laulaja Kirsi Poutasta ja suomentaja Tarja H\u00e4rk\u00f6st\u00e4 voikin onnitella: he n\u00e4ytt\u00e4v\u00e4t, ett\u00e4 fado voi taipua uskottavsti my\u00f6s suomeksi. Poutanen koristelee niekutellen pitk\u00e4t tavut ehtaan fadotyyliin. [&#8230;] S\u00e4estyksest\u00e4 vastaa kolme huippuluokan portugalilaista kielisoittajaa.&#8221; Pirkko Kotirinta \/ Helsingin Sanomat \u2013\u2013\u2013\u2013\u2013\u2013\u2013\u2013\u2013\u2013\u2013\u2013\u2013\u2013\u2013\u2013\u2013\u2013\u2013\u2013\u2013\u2013\u2013\u2013\u2013\u2013\u2013\u2013\u2013\u2013\u2013\u2013\u2013\u2013\u2013\u2013\u2013\u2013\u2013\u2013\u2013\u2013\u2013\u2013\u2013\u2013\u2013 Fado k\u00e4\u00e4ntyy my\u00f6s suomeksi &#8220;Kirsi Poutanen osoittaa uudella levyll\u00e4\u00e4n kuniaa fadon kuningattarelle, [&hellip;]<\/p>\n","protected":false},"featured_media":3082,"comment_status":"open","ping_status":"closed","template":"","meta":{"_acf_changed":false,"_themeisle_gutenberg_block_has_review":false},"product_brand":[],"product_cat":[230,190,207,193,192,219,200],"product_tag":[],"class_list":{"0":"post-8916","1":"product","2":"type-product","3":"status-publish","4":"has-post-thumbnail","6":"product_cat-abcd-en","7":"product_cat-all-discs","8":"product_cat-crossover","9":"product_cat-guitar","10":"product_cat-popular-music","11":"product_cat-vocal-music","12":"product_cat-world-music","13":"product_shipping_class-cd","15":"first","16":"outofstock","17":"taxable","18":"shipping-taxable","19":"purchasable","20":"product-type-simple"},"acf":[],"_links":{"self":[{"href":"https:\/\/alba.fi\/en\/wp-json\/wp\/v2\/product\/8916","targetHints":{"allow":["GET"]}}],"collection":[{"href":"https:\/\/alba.fi\/en\/wp-json\/wp\/v2\/product"}],"about":[{"href":"https:\/\/alba.fi\/en\/wp-json\/wp\/v2\/types\/product"}],"replies":[{"embeddable":true,"href":"https:\/\/alba.fi\/en\/wp-json\/wp\/v2\/comments?post=8916"}],"wp:featuredmedia":[{"embeddable":true,"href":"https:\/\/alba.fi\/en\/wp-json\/wp\/v2\/media\/3082"}],"wp:attachment":[{"href":"https:\/\/alba.fi\/en\/wp-json\/wp\/v2\/media?parent=8916"}],"wp:term":[{"taxonomy":"product_brand","embeddable":true,"href":"https:\/\/alba.fi\/en\/wp-json\/wp\/v2\/product_brand?post=8916"},{"taxonomy":"product_cat","embeddable":true,"href":"https:\/\/alba.fi\/en\/wp-json\/wp\/v2\/product_cat?post=8916"},{"taxonomy":"product_tag","embeddable":true,"href":"https:\/\/alba.fi\/en\/wp-json\/wp\/v2\/product_tag?post=8916"}],"curies":[{"name":"wp","href":"https:\/\/api.w.org\/{rel}","templated":true}]}}