{"id":7858,"date":"2022-05-19T17:38:04","date_gmt":"2022-05-19T17:38:04","guid":{"rendered":"https:\/\/alba.fi\/tuote\/7818\/"},"modified":"2022-05-19T17:38:04","modified_gmt":"2022-05-19T17:38:04","slug":"7818","status":"publish","type":"product","link":"https:\/\/alba.fi\/en\/product\/7818\/","title":{"rendered":"ABCD 468 &#8211; Wiljami Niittykoski"},"content":{"rendered":"<p>50-vuotisjuhlavuottaan viett\u00e4v\u00e4 Keski-Pohjanmaan Kamariorkesteri huomioi niin juuriaan kuin Niittykosken el\u00e4m\u00e4nty\u00f6t\u00e4 \u201dNiittykoski \u2013 Kansans\u00e4velt\u00e4j\u00e4\u201d -levyll\u00e4 (ABCD 468). S\u00e4velt\u00e4j\u00e4, runoilija ja pelimanni Wiljami Niittykoski (1895-1985) oli kotoisin el\u00e4v\u00e4st\u00e4 kansanmusiikkiperinteest\u00e4\u00e4n tunnetun Kaustisen kunnan Salonkyl\u00e4lt\u00e4. Niittykoski s\u00e4velsi lauluja, soitins\u00e4vellyksi\u00e4 sek\u00e4 kansanmusiikista vaikutteita saaneita kappaleita. H\u00e4n my\u00f6s ker\u00e4si muistiin vanhoja pelimannis\u00e4velmi\u00e4 sek\u00e4 s\u00e4velsi my\u00f6s ns. salonkimusiikkia.<\/p>\n<p>S\u00e4velt\u00e4j\u00e4n ehk\u00e4 tunnetuin kappale <em>Leikkiv\u00e4t s\u00e4velet<\/em> kuullaan t\u00e4ll\u00e4 levyll\u00e4 alkuper\u00e4isess\u00e4 muodossaan, sellaisena kuin Niittykoski sen itse orkestroi Salonkyl\u00e4n orkesterille. Levyn muut s\u00e4velm\u00e4t on sovitettu t\u00e4t\u00e4 levy\u00e4 varten jousiorkesterille. Sovituksista vastaavat <strong>Timo<\/strong> <strong>Alakotila<\/strong>, <strong>Kreeta-Maria Kentala<\/strong>, <strong>Iikka Kotaja<\/strong> sek\u00e4 KPKO:n <strong>Lauri Pulakka<\/strong>.<\/p>\n","protected":false},"excerpt":{"rendered":"<p>50-vuotisjuhlavuottaan viett\u00e4v\u00e4 Keski-Pohjanmaan Kamariorkesteri huomioi niin juuriaan kuin Niittykosken el\u00e4m\u00e4nty\u00f6t\u00e4 \u201dNiittykoski \u2013 Kansans\u00e4velt\u00e4j\u00e4\u201d -levyll\u00e4 (ABCD 468). S\u00e4velt\u00e4j\u00e4, runoilija ja pelimanni Wiljami Niittykoski (1895-1985) oli kotoisin el\u00e4v\u00e4st\u00e4 kansanmusiikkiperinteest\u00e4\u00e4n tunnetun Kaustisen kunnan Salonkyl\u00e4lt\u00e4. Niittykoski s\u00e4velsi lauluja, soitins\u00e4vellyksi\u00e4 sek\u00e4 kansanmusiikista vaikutteita saaneita kappaleita. H\u00e4n my\u00f6s ker\u00e4si muistiin vanhoja pelimannis\u00e4velmi\u00e4 sek\u00e4 s\u00e4velsi my\u00f6s ns. salonkimusiikkia. S\u00e4velt\u00e4j\u00e4n ehk\u00e4 tunnetuin kappale [&hellip;]<\/p>\n","protected":false},"featured_media":7817,"comment_status":"open","ping_status":"closed","template":"","meta":{"_acf_changed":false,"_themeisle_gutenberg_block_has_review":false},"product_brand":[],"product_cat":[230,190,179,234,203,192,200],"product_tag":[],"class_list":{"0":"post-7858","1":"product","2":"type-product","3":"status-publish","4":"has-post-thumbnail","6":"product_cat-abcd-en","7":"product_cat-all-discs","8":"product_cat-contemporary-music","9":"product_cat-general","10":"product_cat-orchestral","11":"product_cat-popular-music","12":"product_cat-world-music","13":"product_shipping_class-cd","15":"first","16":"instock","17":"taxable","18":"shipping-taxable","19":"purchasable","20":"product-type-simple"},"acf":[],"_links":{"self":[{"href":"https:\/\/alba.fi\/en\/wp-json\/wp\/v2\/product\/7858","targetHints":{"allow":["GET"]}}],"collection":[{"href":"https:\/\/alba.fi\/en\/wp-json\/wp\/v2\/product"}],"about":[{"href":"https:\/\/alba.fi\/en\/wp-json\/wp\/v2\/types\/product"}],"replies":[{"embeddable":true,"href":"https:\/\/alba.fi\/en\/wp-json\/wp\/v2\/comments?post=7858"}],"wp:featuredmedia":[{"embeddable":true,"href":"https:\/\/alba.fi\/en\/wp-json\/wp\/v2\/media\/7817"}],"wp:attachment":[{"href":"https:\/\/alba.fi\/en\/wp-json\/wp\/v2\/media?parent=7858"}],"wp:term":[{"taxonomy":"product_brand","embeddable":true,"href":"https:\/\/alba.fi\/en\/wp-json\/wp\/v2\/product_brand?post=7858"},{"taxonomy":"product_cat","embeddable":true,"href":"https:\/\/alba.fi\/en\/wp-json\/wp\/v2\/product_cat?post=7858"},{"taxonomy":"product_tag","embeddable":true,"href":"https:\/\/alba.fi\/en\/wp-json\/wp\/v2\/product_tag?post=7858"}],"curies":[{"name":"wp","href":"https:\/\/api.w.org\/{rel}","templated":true}]}}