{"id":7784,"date":"2021-08-31T11:59:04","date_gmt":"2021-08-31T11:59:04","guid":{"rendered":"https:\/\/alba.fi\/tuote\/abcd-410-finnish-violin-music-leiviska-melartin-raitio\/"},"modified":"2021-08-31T11:59:04","modified_gmt":"2021-08-31T11:59:04","slug":"abcd-410-finnish-violin-music-leiviska-melartin-raitio","status":"publish","type":"product","link":"https:\/\/alba.fi\/en\/product\/abcd-410-finnish-violin-music-leiviska-melartin-raitio\/","title":{"rendered":"ABCD 410 \u2013 Finnish Violin Music Leivisk\u00e4-Melartin-Raitio"},"content":{"rendered":"<p>There are more world premiere recordings on Finnish Violin Music, with violinist Annemarie \u00c5strom leading performances of virtually unknown works written in the 1920s in the shadow of Sibelius (Alba Records ABCD 410 alba.fi). The three composers here share a connection, Helvi Leivisk\u00e4 and V\u00e4in\u00f6 Raitio having studied with Erkki Melartin at the Sibelius Academy in Helsinki.<\/p>\n<p>\u00c5strom is joined by fellow KAA\u00c5S Trio members pianist Tiina Karakorpi and cellist Ulla Lampela in Leivisk\u00e4\u2019s Piano Trio, and by violist Atte Kilpel\u00e4inen and cellist Tomas Nu\u00f1ez-Garc\u00e9s in Melartin\u2019s terrific Trio Op.133. Raitio is represented by the Four Pieces for Violin and Piano Op.18 and Sinivuokko, a late piece from 1943.<\/p>\n<p>These are fine performances of really strong and appealing works that leave you wondering what other real gems are waiting to be rescued from obscurity.<\/p>\n<p>TERRY ROBBINS, the whole note, May 2018, VOL 23 NO.<\/p>\n<p>&nbsp;<\/p>\n","protected":false},"excerpt":{"rendered":"<p>There are more world premiere recordings on Finnish Violin Music, with violinist Annemarie \u00c5strom leading performances of virtually unknown works written in the 1920s in the shadow of Sibelius (Alba Records ABCD 410 alba.fi). The three composers here share a connection, Helvi Leivisk\u00e4 and V\u00e4in\u00f6 Raitio having studied with Erkki Melartin at the Sibelius Academy [&hellip;]<\/p>\n","protected":false},"featured_media":3128,"comment_status":"open","ping_status":"closed","template":"","meta":{"_acf_changed":false,"_themeisle_gutenberg_block_has_review":false},"product_brand":[],"product_cat":[230,190,205,218],"product_tag":[],"class_list":{"0":"post-7784","1":"product","2":"type-product","3":"status-publish","4":"has-post-thumbnail","6":"product_cat-abcd-en","7":"product_cat-all-discs","8":"product_cat-piano","9":"product_cat-violin","10":"product_shipping_class-cd","12":"first","13":"instock","14":"taxable","15":"shipping-taxable","16":"purchasable","17":"product-type-simple"},"acf":[],"_links":{"self":[{"href":"https:\/\/alba.fi\/en\/wp-json\/wp\/v2\/product\/7784","targetHints":{"allow":["GET"]}}],"collection":[{"href":"https:\/\/alba.fi\/en\/wp-json\/wp\/v2\/product"}],"about":[{"href":"https:\/\/alba.fi\/en\/wp-json\/wp\/v2\/types\/product"}],"replies":[{"embeddable":true,"href":"https:\/\/alba.fi\/en\/wp-json\/wp\/v2\/comments?post=7784"}],"wp:featuredmedia":[{"embeddable":true,"href":"https:\/\/alba.fi\/en\/wp-json\/wp\/v2\/media\/3128"}],"wp:attachment":[{"href":"https:\/\/alba.fi\/en\/wp-json\/wp\/v2\/media?parent=7784"}],"wp:term":[{"taxonomy":"product_brand","embeddable":true,"href":"https:\/\/alba.fi\/en\/wp-json\/wp\/v2\/product_brand?post=7784"},{"taxonomy":"product_cat","embeddable":true,"href":"https:\/\/alba.fi\/en\/wp-json\/wp\/v2\/product_cat?post=7784"},{"taxonomy":"product_tag","embeddable":true,"href":"https:\/\/alba.fi\/en\/wp-json\/wp\/v2\/product_tag?post=7784"}],"curies":[{"name":"wp","href":"https:\/\/api.w.org\/{rel}","templated":true}]}}