{"id":7697,"date":"2021-11-04T14:39:21","date_gmt":"2021-11-04T14:39:21","guid":{"rendered":"https:\/\/alba.fi\/tuote\/ill-never-forget-digilataus\/"},"modified":"2021-11-04T14:39:21","modified_gmt":"2021-11-04T14:39:21","slug":"ill-never-forget-digilataus","status":"publish","type":"product","link":"https:\/\/alba.fi\/en\/product\/ill-never-forget-digilataus\/","title":{"rendered":"I&#8217;LL NEVER FORGET -Digilataus"},"content":{"rendered":"<p>I&#8217;ll never forget (She likes to waltz)\u00a0on Orpanan kev\u00e4\u00e4ll\u00e4 2020 s\u00e4velt\u00e4m\u00e4 jazzvalssi, jossa kuullaan pelkki\u00e4 puupuhaltimia: huilua, klarinettia sek\u00e4 sopraano-, altto-, tenori- ja baritonisaksofoneja. Orpana soittaa levytyksen kaikki instrumentit itse. Sovitettujen osuuksien lis\u00e4ksi teoksessa soi improvisaatio. Kuulaan kappaleen juuret ovat sek\u00e4 afroamerikkalaisessa ett\u00e4 pohjoismaisessa jazzissa.<\/p>\n<p>S\u00e4vellyksen on \u00e4\u00e4nitt\u00e4nyt ja miksannut Jukka-Pekka Berg, joka on my\u00f6s osallistunut kappaleen taiteelliseen tuottamiseen. Levytyksen on masteroinut Jaakko Viital\u00e4hde.<\/p>\n<p>\u00c4\u00e4nitys ja miksaus\u00a0<em>Jukka-Pekka Berg<\/em>.<br \/>\nMasterointi\u00a0<em>Jaakko Viital\u00e4hde<\/em>, Virtal\u00e4hde Mastering.<br \/>\nKansi ja kannen kuva\u00a0<em>Tommi Kolunen<\/em>.<\/p>\n","protected":false},"excerpt":{"rendered":"<p>I&#8217;ll never forget (She likes to waltz)\u00a0on Orpanan kev\u00e4\u00e4ll\u00e4 2020 s\u00e4velt\u00e4m\u00e4 jazzvalssi, jossa kuullaan pelkki\u00e4 puupuhaltimia: huilua, klarinettia sek\u00e4 sopraano-, altto-, tenori- ja baritonisaksofoneja. Orpana soittaa levytyksen kaikki instrumentit itse. Sovitettujen osuuksien lis\u00e4ksi teoksessa soi improvisaatio. Kuulaan kappaleen juuret ovat sek\u00e4 afroamerikkalaisessa ett\u00e4 pohjoismaisessa jazzissa. S\u00e4vellyksen on \u00e4\u00e4nitt\u00e4nyt ja miksannut Jukka-Pekka Berg, joka on my\u00f6s [&hellip;]<\/p>\n","protected":false},"featured_media":7213,"comment_status":"open","ping_status":"closed","template":"","meta":{"_acf_changed":false,"_themeisle_gutenberg_block_has_review":false},"product_brand":[],"product_cat":[184,188,192],"product_tag":[],"class_list":{"0":"post-7697","1":"product","2":"type-product","3":"status-publish","4":"has-post-thumbnail","6":"product_cat-digital-release","7":"product_cat-jazz","8":"product_cat-popular-music","9":"product_shipping_class-digilataus-en","11":"first","12":"instock","13":"downloadable","14":"taxable","15":"shipping-taxable","16":"purchasable","17":"product-type-simple"},"acf":[],"_links":{"self":[{"href":"https:\/\/alba.fi\/en\/wp-json\/wp\/v2\/product\/7697","targetHints":{"allow":["GET"]}}],"collection":[{"href":"https:\/\/alba.fi\/en\/wp-json\/wp\/v2\/product"}],"about":[{"href":"https:\/\/alba.fi\/en\/wp-json\/wp\/v2\/types\/product"}],"replies":[{"embeddable":true,"href":"https:\/\/alba.fi\/en\/wp-json\/wp\/v2\/comments?post=7697"}],"wp:featuredmedia":[{"embeddable":true,"href":"https:\/\/alba.fi\/en\/wp-json\/wp\/v2\/media\/7213"}],"wp:attachment":[{"href":"https:\/\/alba.fi\/en\/wp-json\/wp\/v2\/media?parent=7697"}],"wp:term":[{"taxonomy":"product_brand","embeddable":true,"href":"https:\/\/alba.fi\/en\/wp-json\/wp\/v2\/product_brand?post=7697"},{"taxonomy":"product_cat","embeddable":true,"href":"https:\/\/alba.fi\/en\/wp-json\/wp\/v2\/product_cat?post=7697"},{"taxonomy":"product_tag","embeddable":true,"href":"https:\/\/alba.fi\/en\/wp-json\/wp\/v2\/product_tag?post=7697"}],"curies":[{"name":"wp","href":"https:\/\/api.w.org\/{rel}","templated":true}]}}