{"id":7695,"date":"2021-10-11T07:33:37","date_gmt":"2021-10-11T07:33:37","guid":{"rendered":"https:\/\/alba.fi\/tuote\/ncd-59-lappilaisia-elaimia\/"},"modified":"2023-02-11T13:00:45","modified_gmt":"2023-02-11T13:00:45","slug":"ncd-59-lappilaisia-elaimia","status":"publish","type":"product","link":"https:\/\/alba.fi\/en\/product\/ncd-59-lappilaisia-elaimia\/","title":{"rendered":"NCD 59 \u2013 Lappilaisia el\u00e4imi\u00e4"},"content":{"rendered":"<p>Seitakuoron Lappi-trilogian p\u00e4\u00e4tt\u00e4v\u00e4 \u00e4\u00e4nite \u2013 sarjan muut osat ovat <strong>Arktisia n\u00e4kyj\u00e4<\/strong> vuodelta 2011 ja <strong>Kuvia pohjoisesta<\/strong> vuodelta 2015 \u2013 jatkaa edellisten tapaan Seitakuorolle s\u00e4vellettyjen teosten maailman ensitaltiointia. Siin\u00e4 miss\u00e4 aiemmille levyille oli kaiveltu Seitakuoron vuosikymmenien laajuista nuottiarkistoa, ovat t\u00e4m\u00e4n \u00e4\u00e4nitteen teokset uusinta uutta ja valmistuneet vasta vuonna 2019 Seitakuoron j\u00e4rjest\u00e4m\u00e4\u00e4n s\u00e4vellyskilpailuun.<\/p>\n","protected":false},"excerpt":{"rendered":"<p>Seitakuoron Lappi-trilogian p\u00e4\u00e4tt\u00e4v\u00e4 \u00e4\u00e4nite \u2013 sarjan muut osat ovat Arktisia n\u00e4kyj\u00e4 vuodelta 2011 ja Kuvia pohjoisesta vuodelta 2015 \u2013 jatkaa edellisten tapaan Seitakuorolle s\u00e4vellettyjen teosten maailman ensitaltiointia. Siin\u00e4 miss\u00e4 aiemmille levyille oli kaiveltu Seitakuoron vuosikymmenien laajuista nuottiarkistoa, ovat t\u00e4m\u00e4n \u00e4\u00e4nitteen teokset uusinta uutta ja valmistuneet vasta vuonna 2019 Seitakuoron j\u00e4rjest\u00e4m\u00e4\u00e4n s\u00e4vellyskilpailuun.<\/p>\n","protected":false},"featured_media":6542,"comment_status":"open","ping_status":"closed","template":"","meta":{"_acf_changed":false,"_themeisle_gutenberg_block_has_review":false},"product_brand":[],"product_cat":[190,196,179,231,219],"product_tag":[],"class_list":{"0":"post-7695","1":"product","2":"type-product","3":"status-publish","4":"has-post-thumbnail","6":"product_cat-all-discs","7":"product_cat-choral-music","8":"product_cat-contemporary-music","9":"product_cat-ncd-en","10":"product_cat-vocal-music","11":"product_shipping_class-cd","13":"first","14":"instock","15":"taxable","16":"shipping-taxable","17":"purchasable","18":"product-type-simple"},"acf":[],"_links":{"self":[{"href":"https:\/\/alba.fi\/en\/wp-json\/wp\/v2\/product\/7695","targetHints":{"allow":["GET"]}}],"collection":[{"href":"https:\/\/alba.fi\/en\/wp-json\/wp\/v2\/product"}],"about":[{"href":"https:\/\/alba.fi\/en\/wp-json\/wp\/v2\/types\/product"}],"replies":[{"embeddable":true,"href":"https:\/\/alba.fi\/en\/wp-json\/wp\/v2\/comments?post=7695"}],"wp:featuredmedia":[{"embeddable":true,"href":"https:\/\/alba.fi\/en\/wp-json\/wp\/v2\/media\/6542"}],"wp:attachment":[{"href":"https:\/\/alba.fi\/en\/wp-json\/wp\/v2\/media?parent=7695"}],"wp:term":[{"taxonomy":"product_brand","embeddable":true,"href":"https:\/\/alba.fi\/en\/wp-json\/wp\/v2\/product_brand?post=7695"},{"taxonomy":"product_cat","embeddable":true,"href":"https:\/\/alba.fi\/en\/wp-json\/wp\/v2\/product_cat?post=7695"},{"taxonomy":"product_tag","embeddable":true,"href":"https:\/\/alba.fi\/en\/wp-json\/wp\/v2\/product_tag?post=7695"}],"curies":[{"name":"wp","href":"https:\/\/api.w.org\/{rel}","templated":true}]}}