{"id":7690,"date":"2022-01-31T12:53:43","date_gmt":"2022-01-31T12:53:43","guid":{"rendered":"https:\/\/alba.fi\/tuote\/abdlp-2-saudade-elavana-euroopan-reunoilla\/"},"modified":"2022-01-31T12:53:43","modified_gmt":"2022-01-31T12:53:43","slug":"abdlp-2-saudade-elavana-euroopan-reunoilla","status":"publish","type":"product","link":"https:\/\/alba.fi\/en\/product\/abdlp-2-saudade-elavana-euroopan-reunoilla\/","title":{"rendered":"ABDLP 2 \u2013 Saudade &#8211; El\u00e4v\u00e4n\u00e4 Euroopan reunoilla"},"content":{"rendered":"<p><strong>Alba<\/strong> julkaisee digitaalisena minialbumina \u00e4\u00e4niteen <strong>SAUDADE \/ ANNASTUUNA<\/strong>.<br \/>\nTallennukset ovat kahden televisio-ohjelman el\u00e4vist\u00e4 esityksist\u00e4.<br \/>\nN\u00e4iss\u00e4 yhtye seikkailee eurooppalaisissa maisemissa<\/p>\n<p>Kolme\u00a0<strong>Am\u00e1lia Rodriguesin<\/strong>\u00a0tunnetuksi tekem\u00e4\u00e4 portugalilaista\u00a0<em>fadoa<\/em> ovat saaneet <strong>Jaana Lapon<\/strong>\u00a0osuvat suomennokset, jotka\u00a0<strong>Mika Lepp\u00e4nen<\/strong> tulkitsee nostalgisen kaihoisasti fadon perinteit\u00e4 noudattaen ja samalla miehekk\u00e4\u00e4sti.<\/p>\n<p>Suomalaiset muusikot ovat tallenteella hienosti sis\u00e4ist\u00e4neet\u00a0<em>Lissabonin Alfaman<\/em> katujen perinteisen musiikin syv\u00e4\u00e4 tunnetta huokuvan ilmaisutyylin. Esitykset taltioitiin alun perin TV 2:n viihdeohjelmaan\u00a0<em>Musiikki ei tunne raajoja!<\/em>\u00a0ja oli osa ohjelmasarjaa\u00a0<em>Jalat alta!<\/em><\/p>\n<p>It\u00e4eurooppalaisia kansanlauluja\u00a0<strong>Annastuuna<\/strong>-yhtye toteutti kansainv\u00e4lisess\u00e4 OIRT-maiden yleis\u00f6konsertissa Tampereella, joka televisioitiin ja radioitiin kyseisiin It\u00e4-Euroopan maihin. Konsertissa\u00a0<strong>Annastuunan<\/strong> esitt\u00e4mist\u00e4 seitsem\u00e4st\u00e4 laulusta talteen ovat j\u00e4\u00e4neet vain nyt julkaistavat kolme kansanlaulua, makedonialainen, slovakialainen ja unkarilainen s\u00e4velm\u00e4.<\/p>\n","protected":false},"excerpt":{"rendered":"<p>DIGIJULKAISU<br \/>\nTilaamalla julkaisun, saat s\u00e4hk\u00f6postiisi linkin, josta voit ladata levyn raidat Wav-tiedostoina ja lis\u00e4ksi mukana tulee PDF-muotoinen infolehtinen levyst\u00e4.<\/p>\n","protected":false},"featured_media":7598,"comment_status":"open","ping_status":"closed","template":"","meta":{"_acf_changed":false,"_themeisle_gutenberg_block_has_review":false},"product_brand":[],"product_cat":[207,184,192],"product_tag":[],"class_list":{"0":"post-7690","1":"product","2":"type-product","3":"status-publish","4":"has-post-thumbnail","6":"product_cat-crossover","7":"product_cat-digital-release","8":"product_cat-popular-music","9":"product_shipping_class-digilataus-en","11":"first","12":"instock","13":"downloadable","14":"taxable","15":"shipping-taxable","16":"purchasable","17":"product-type-simple"},"acf":[],"_links":{"self":[{"href":"https:\/\/alba.fi\/en\/wp-json\/wp\/v2\/product\/7690","targetHints":{"allow":["GET"]}}],"collection":[{"href":"https:\/\/alba.fi\/en\/wp-json\/wp\/v2\/product"}],"about":[{"href":"https:\/\/alba.fi\/en\/wp-json\/wp\/v2\/types\/product"}],"replies":[{"embeddable":true,"href":"https:\/\/alba.fi\/en\/wp-json\/wp\/v2\/comments?post=7690"}],"wp:featuredmedia":[{"embeddable":true,"href":"https:\/\/alba.fi\/en\/wp-json\/wp\/v2\/media\/7598"}],"wp:attachment":[{"href":"https:\/\/alba.fi\/en\/wp-json\/wp\/v2\/media?parent=7690"}],"wp:term":[{"taxonomy":"product_brand","embeddable":true,"href":"https:\/\/alba.fi\/en\/wp-json\/wp\/v2\/product_brand?post=7690"},{"taxonomy":"product_cat","embeddable":true,"href":"https:\/\/alba.fi\/en\/wp-json\/wp\/v2\/product_cat?post=7690"},{"taxonomy":"product_tag","embeddable":true,"href":"https:\/\/alba.fi\/en\/wp-json\/wp\/v2\/product_tag?post=7690"}],"curies":[{"name":"wp","href":"https:\/\/api.w.org\/{rel}","templated":true}]}}