{"id":7575,"date":"2021-10-11T09:45:11","date_gmt":"2021-10-11T09:45:11","guid":{"rendered":"https:\/\/alba.fi\/tuote\/abacd-26-luumunkukka-ja-lohikaarme\/"},"modified":"2023-12-29T10:40:44","modified_gmt":"2023-12-29T10:40:44","slug":"abacd-26-luumunkukka-ja-lohikaarme","status":"publish","type":"product","link":"https:\/\/alba.fi\/en\/product\/abacd-26-luumunkukka-ja-lohikaarme\/","title":{"rendered":"ABACD 26 \u2013 Luumunkukka ja Lohik\u00e4\u00e4rme"},"content":{"rendered":"<p>Musiikkin\u00e4ytelm\u00e4ss\u00e4 \u201d<strong>Luumunkukka ja Lohik\u00e4\u00e4rme<\/strong>\u201d on teema, johon jokainen meist\u00e4 voi samaistua.<br \/>\nKuulunko joukkoon ja kelpaanko t\u00e4llaisena kuin olen?<br \/>\nMik\u00e4 tekee kodista kodin?<br \/>\nEsityksess\u00e4 laulettiin n\u00e4kym\u00e4tt\u00f6m\u00e4st\u00e4 langasta, joka yhdist\u00e4\u00e4 meit\u00e4 kaikkia maailman ihmisi\u00e4.<\/p>\n<p>Runot: Anna-Mari Kaskinen<br \/>\nS\u00e4vellys ja sovitus: Timo Klemettinen<br \/>\nSoittajat ja laulajat: It\u00e4-Helsingin musiikkiopisto<\/p>\n<p>&nbsp;<\/p>\n","protected":false},"excerpt":{"rendered":"<p>Musiikkin\u00e4ytelm\u00e4ss\u00e4 \u201dLuumunkukka ja Lohik\u00e4\u00e4rme\u201d on teema, johon jokainen meist\u00e4 voi samaistua. Kuulunko joukkoon ja kelpaanko t\u00e4llaisena kuin olen? Mik\u00e4 tekee kodista kodin? Esityksess\u00e4 laulettiin n\u00e4kym\u00e4tt\u00f6m\u00e4st\u00e4 langasta, joka yhdist\u00e4\u00e4 meit\u00e4 kaikkia maailman ihmisi\u00e4. Runot: Anna-Mari Kaskinen S\u00e4vellys ja sovitus: Timo Klemettinen Soittajat ja laulajat: It\u00e4-Helsingin musiikkiopisto &nbsp;<\/p>\n","protected":false},"featured_media":6546,"comment_status":"open","ping_status":"closed","template":"","meta":{"_acf_changed":false,"_themeisle_gutenberg_block_has_review":false},"product_brand":[],"product_cat":[229,190,198,196],"product_tag":[],"class_list":{"0":"post-7575","1":"product","2":"type-product","3":"status-publish","4":"has-post-thumbnail","6":"product_cat-abacd-en","7":"product_cat-all-discs","8":"product_cat-children","9":"product_cat-choral-music","10":"product_shipping_class-cd","12":"first","13":"instock","14":"taxable","15":"shipping-taxable","16":"purchasable","17":"product-type-simple"},"acf":[],"_links":{"self":[{"href":"https:\/\/alba.fi\/en\/wp-json\/wp\/v2\/product\/7575","targetHints":{"allow":["GET"]}}],"collection":[{"href":"https:\/\/alba.fi\/en\/wp-json\/wp\/v2\/product"}],"about":[{"href":"https:\/\/alba.fi\/en\/wp-json\/wp\/v2\/types\/product"}],"replies":[{"embeddable":true,"href":"https:\/\/alba.fi\/en\/wp-json\/wp\/v2\/comments?post=7575"}],"wp:featuredmedia":[{"embeddable":true,"href":"https:\/\/alba.fi\/en\/wp-json\/wp\/v2\/media\/6546"}],"wp:attachment":[{"href":"https:\/\/alba.fi\/en\/wp-json\/wp\/v2\/media?parent=7575"}],"wp:term":[{"taxonomy":"product_brand","embeddable":true,"href":"https:\/\/alba.fi\/en\/wp-json\/wp\/v2\/product_brand?post=7575"},{"taxonomy":"product_cat","embeddable":true,"href":"https:\/\/alba.fi\/en\/wp-json\/wp\/v2\/product_cat?post=7575"},{"taxonomy":"product_tag","embeddable":true,"href":"https:\/\/alba.fi\/en\/wp-json\/wp\/v2\/product_tag?post=7575"}],"curies":[{"name":"wp","href":"https:\/\/api.w.org\/{rel}","templated":true}]}}