{"id":7564,"date":"2021-11-24T11:00:57","date_gmt":"2021-11-24T11:00:57","guid":{"rendered":"https:\/\/alba.fi\/tuote\/abcd-463-peteris-vasks-klatbutne\/"},"modified":"2021-11-24T11:00:57","modified_gmt":"2021-11-24T11:00:57","slug":"abcd-463-peteris-vasks-klatbutne","status":"publish","type":"product","link":"https:\/\/alba.fi\/en\/product\/abcd-463-peteris-vasks-klatbutne\/","title":{"rendered":"ABCD 463 \u2013 P\u0113teris Vasks &#8211; Kl\u0101tb\u016btne"},"content":{"rendered":"<p>Tallinn Chamber Orchestra&#8217;s album \u201c<strong>P\u0113teris Vasks<\/strong>\u201d. The publication includes two string concertos by Latvian-born composer P\u0113teris Vasks, the first of which is <em>\u201cConcerto No. 2 \u201cKl\u0101tb\u016btne\u201d<\/em> <em>for Cello and String Orchestra<\/em>\u201d \u2013 a three-part concerto for cello and string orchestra. <strong>Marko Yl\u00f6nen<\/strong> will perform as a cello soloist on the recording. The second work on the album is the four-part <em>\u201cConcerto for Viola and String Orchestra\u201d<\/em> that features viola player <strong>Lilli Maijala<\/strong> as soloist. The orchestra is conducted by <strong>Juha Kangas<\/strong>.<\/p>\n<p>Composer <strong>P\u0113teris Vasks<\/strong> was born in Latvia after the World War II, in the small town of Kurzeme, Aizpute. As a child, he played the violin and started also composing early in childhood. After seeing Wagner\u2019s Tannh\u00e4user opera in Riga at the age of 13, he moved to the capital to study double bass, but did not get into the Riga Conservatory, as his father was the pastor of the Baptist Church. Later, P\u0113teris studied in Vilnius and worked in Lithuanian and Latvian orchestras. At that time, he continued to compose, but kept the works as his own knowledge, until after starting a family, he applied to the Latvian Academy of Music to study composition. He began to gain fame for his music in the mid-1970s. P\u0113teris drew his music from the sorrows of the world until, after the break-up of the Soviet Union, Latvia was independent again and his compositions began to have light in them again.<\/p>\n<p><strong>Tallinn Chamber Orchestra<\/strong>, one of the most important orchestras in Estonia, has been around for almost three decades. It was founded by the Estonian conductor <strong>T\u00f5nu Kaljuste<\/strong> in 1993. The orchestra&#8217;s artistically integral repertoire ranges from Baroque works &#8211; through classicism and romance &#8211; to works by contemporary composers. TCO has toured on almost every continent except Australia. It is also one of the performers on the 2014 Grammy-winning <strong>Arvo P\u00e4rt\u2019s<\/strong> album \u201cAdam\u2019s Lament\u201d.<\/p>\n<p>Conductor <strong>Juha Kangas<\/strong>, the conductor of Tallinn Chamber Orchestra, is an extensively experienced musician. He studied violin at the Sibelius Academy and worked for five years as the viola player of the Helsinki City Orchestra. He worked as a violin teacher at the Central Ostrobothnian School of Music from 1972 to 1986 and at the same time founded the Central Ostrobothnia Chamber Orchestra. Kangas has been awarded many prizes for his work, and in 2010 he was given the title of Professor.<\/p>\n<p>Cellist <strong>Marko Yl\u00f6nen<\/strong> has worked as a chamber music lecturer at the Sibelius Academy since the autumn of 2000, and since 2009 he has held the position of professor of chamber music. He was successful in cello competitions at a young age. In his career, Yl\u00f6nen has performed as a soloist and chamber musician around the world, in addition to which he has been the cello leader of the Tapiola Sinfonietta, the 1st solo cellist of the Radio Sinfonia Orchestra and a member of the New Helsinki Quartet.<\/p>\n<p>Viola player <strong>Lilli Maijala<\/strong> has been active as a soloist and chamber musician on international stages since she was 17 years old. Maijala, who has been successful in international viola competitions, has played with Patricia Kopatchinskaya, Pekka Kuusisto and Pieter Wispelwey in the Quartet-lab, among others. Today, her time is spent as a lecturer in viola music at the Sibelius Academy and performing at European festivals.<\/p>\n","protected":false},"excerpt":{"rendered":"<p>Tallinn Chamber Orchestra&#8217;s album \u201cP\u0113teris Vasks\u201d. The publication includes two string concertos by Latvian-born composer P\u0113teris Vasks, the first of which is \u201cConcerto No. 2 \u201cKl\u0101tb\u016btne\u201d for Cello and String Orchestra\u201d \u2013 a three-part concerto for cello and string orchestra. Marko Yl\u00f6nen will perform as a cello soloist on the recording. The second work on [&hellip;]<\/p>\n","protected":false},"featured_media":7359,"comment_status":"open","ping_status":"closed","template":"","meta":{"_acf_changed":false,"_themeisle_gutenberg_block_has_review":false},"product_brand":[],"product_cat":[230,190,209,179,201],"product_tag":[],"class_list":{"0":"post-7564","1":"product","2":"type-product","3":"status-publish","4":"has-post-thumbnail","6":"product_cat-abcd-en","7":"product_cat-all-discs","8":"product_cat-cello","9":"product_cat-contemporary-music","10":"product_cat-other-instruments","11":"product_shipping_class-cd","13":"first","14":"instock","15":"taxable","16":"shipping-taxable","17":"purchasable","18":"product-type-simple"},"acf":[],"_links":{"self":[{"href":"https:\/\/alba.fi\/en\/wp-json\/wp\/v2\/product\/7564","targetHints":{"allow":["GET"]}}],"collection":[{"href":"https:\/\/alba.fi\/en\/wp-json\/wp\/v2\/product"}],"about":[{"href":"https:\/\/alba.fi\/en\/wp-json\/wp\/v2\/types\/product"}],"replies":[{"embeddable":true,"href":"https:\/\/alba.fi\/en\/wp-json\/wp\/v2\/comments?post=7564"}],"wp:featuredmedia":[{"embeddable":true,"href":"https:\/\/alba.fi\/en\/wp-json\/wp\/v2\/media\/7359"}],"wp:attachment":[{"href":"https:\/\/alba.fi\/en\/wp-json\/wp\/v2\/media?parent=7564"}],"wp:term":[{"taxonomy":"product_brand","embeddable":true,"href":"https:\/\/alba.fi\/en\/wp-json\/wp\/v2\/product_brand?post=7564"},{"taxonomy":"product_cat","embeddable":true,"href":"https:\/\/alba.fi\/en\/wp-json\/wp\/v2\/product_cat?post=7564"},{"taxonomy":"product_tag","embeddable":true,"href":"https:\/\/alba.fi\/en\/wp-json\/wp\/v2\/product_tag?post=7564"}],"curies":[{"name":"wp","href":"https:\/\/api.w.org\/{rel}","templated":true}]}}