{"id":5554,"date":"2021-07-08T18:50:46","date_gmt":"2021-07-08T19:52:52","guid":{"rendered":"https:\/\/staging.alba.fi\/tuote\/imandra-kadonnutta-aikaa\/"},"modified":"2022-01-16T17:38:01","modified_gmt":"2022-01-16T17:38:01","slug":"imandra-kadonnutta-aikaa","status":"publish","type":"product","link":"https:\/\/alba.fi\/en\/product\/imandra-kadonnutta-aikaa\/","title":{"rendered":"ABACD 13 \u2013 IMANDRA &#8211; Kadonnutta aikaa"},"content":{"rendered":"<p>IMANDRAN KOTISIVUT L\u00d6YTYY T\u00c4\u00c4LT\u00c4 [http:\/\/imandrayhtye.weebly.com] Katso video kappaleesta Yhdess\u00e4 [https:\/\/youtu.be\/jzzUD2a2CLI] Imandran Kadonnutta aikaa valittiin Salon seudun sanomissa viikon levyksi 14.5.2016 \u00a0 IMANDRA [ASSETS\/IMAGES\/OMAT_KUVAT\/SSS 14.5..JPG]<\/p>\n","protected":false},"excerpt":{"rendered":"<p>IMANDRAN KOTISIVUT L\u00d6YTYY T\u00c4\u00c4LT\u00c4 [http:\/\/imandrayhtye.weebly.com] Katso video kappaleesta Yhdess\u00e4 [https:\/\/youtu.be\/jzzUD2a2CLI] Imandran Kadonnutta aikaa valittiin Salon seudun sanomissa viikon levyksi 14.5.2016 \u00a0 IMANDRA [ASSETS\/IMAGES\/OMAT_KUVAT\/SSS 14.5..JPG]<\/p>\n","protected":false},"featured_media":3036,"comment_status":"closed","ping_status":"closed","template":"","meta":{"_acf_changed":false,"_themeisle_gutenberg_block_has_review":false},"product_brand":[],"product_cat":[229,190,179,192,219,200],"product_tag":[],"class_list":{"0":"post-5554","1":"product","2":"type-product","3":"status-publish","4":"has-post-thumbnail","6":"product_cat-abacd-en","7":"product_cat-all-discs","8":"product_cat-contemporary-music","9":"product_cat-popular-music","10":"product_cat-vocal-music","11":"product_cat-world-music","12":"product_shipping_class-cd","14":"first","15":"instock","16":"taxable","17":"shipping-taxable","18":"purchasable","19":"product-type-simple"},"acf":[],"_links":{"self":[{"href":"https:\/\/alba.fi\/en\/wp-json\/wp\/v2\/product\/5554","targetHints":{"allow":["GET"]}}],"collection":[{"href":"https:\/\/alba.fi\/en\/wp-json\/wp\/v2\/product"}],"about":[{"href":"https:\/\/alba.fi\/en\/wp-json\/wp\/v2\/types\/product"}],"replies":[{"embeddable":true,"href":"https:\/\/alba.fi\/en\/wp-json\/wp\/v2\/comments?post=5554"}],"wp:featuredmedia":[{"embeddable":true,"href":"https:\/\/alba.fi\/en\/wp-json\/wp\/v2\/media\/3036"}],"wp:attachment":[{"href":"https:\/\/alba.fi\/en\/wp-json\/wp\/v2\/media?parent=5554"}],"wp:term":[{"taxonomy":"product_brand","embeddable":true,"href":"https:\/\/alba.fi\/en\/wp-json\/wp\/v2\/product_brand?post=5554"},{"taxonomy":"product_cat","embeddable":true,"href":"https:\/\/alba.fi\/en\/wp-json\/wp\/v2\/product_cat?post=5554"},{"taxonomy":"product_tag","embeddable":true,"href":"https:\/\/alba.fi\/en\/wp-json\/wp\/v2\/product_tag?post=5554"}],"curies":[{"name":"wp","href":"https:\/\/api.w.org\/{rel}","templated":true}]}}