{"id":5533,"date":"2021-07-08T18:50:13","date_gmt":"2021-07-08T19:50:48","guid":{"rendered":"https:\/\/staging.alba.fi\/tuote\/haydn-tomasi-kaipainen-trumpettikonsertot\/"},"modified":"2025-05-21T08:15:36","modified_gmt":"2025-05-21T08:15:36","slug":"haydn-tomasi-kaipainen-trumpettikonsertot","status":"publish","type":"product","link":"https:\/\/alba.fi\/en\/product\/haydn-tomasi-kaipainen-trumpettikonsertot\/","title":{"rendered":"Haydn \u2013 Tomasi \u2013 Kaipainen Trumpet Concertos"},"content":{"rendered":"<p>Lue arvio\/See the review: MusicWeb International [http:\/\/www.musicweb-international.com\/classrev\/2015\/Mar\/Trumpet_concs_ABCD369.htm] &#8220;Trumpetisti Pasi Pirinen on levytt\u00e4nyt Alballe kolme trumpettikonserttoa: Jouni Kaipaisen, Joseph Haydnin ja Henri Tomasin. Tarkastelukulmasta riippuen ohjelmisto on joko sekava tai kattava. Jouni Kaipaisen konsertto vuodelta 2003 ei ole s\u00e4velt\u00e4j\u00e4n viimeistellyimpi\u00e4 teoksia. Osaltaan teos oli aloittamassa nykymusiikkitrendi\u00e4, jossa vahvasti bassotettujen, svengaavasti s\u00e4risevien, harvaan vaihtuvien sointujen p\u00e4\u00e4ll\u00e4 tapahtuu korkeintaan kolme asiaa. Pirinen tavoittaa miellytt\u00e4v\u00e4n, jopa pehme\u00e4n soinnin, jossa on muutakin kuin metallia. Levyn hauskinta antia on Tomasin viihdemusiikkiaineksilla leikittelev\u00e4 mutta silti painokas konsertto vuodelta 1948. Pirinen tiluttaa jazz-s\u00e4vyisi\u00e4 sooloja ja herkuttelee savuisilla y\u00f6kerhosoinneilla, mutta pit\u00e4ytyy silti taidemusiikin rajoissa, ehk\u00e4 turhaankin.&#8221; Yle Uudet levyt\/Kare Eskola 22.10.2014<\/p>\n","protected":false},"excerpt":{"rendered":"<p>Lue arvio\/See the review: MusicWeb International [http:\/\/www.musicweb-international.com\/classrev\/2015\/Mar\/Trumpet_concs_ABCD369.htm] &#8220;Trumpetisti Pasi Pirinen on levytt\u00e4nyt Alballe kolme trumpettikonserttoa: Jouni Kaipaisen, Joseph Haydnin ja Henri Tomasin. Tarkastelukulmasta riippuen ohjelmisto on joko sekava tai kattava. Jouni Kaipaisen konsertto vuodelta 2003 ei ole s\u00e4velt\u00e4j\u00e4n viimeistellyimpi\u00e4 teoksia. Osaltaan teos oli aloittamassa nykymusiikkitrendi\u00e4, jossa vahvasti bassotettujen, svengaavasti s\u00e4risevien, harvaan vaihtuvien sointujen p\u00e4\u00e4ll\u00e4 tapahtuu [&hellip;]<\/p>\n","protected":false},"featured_media":2675,"comment_status":"closed","ping_status":"closed","template":"","meta":{"_acf_changed":false,"_themeisle_gutenberg_block_has_review":false},"product_brand":[],"product_cat":[230,190,195,179,203,213],"product_tag":[],"class_list":{"0":"post-5533","1":"product","2":"type-product","3":"status-publish","4":"has-post-thumbnail","6":"product_cat-abcd-en","7":"product_cat-all-discs","8":"product_cat-classic-romantic","9":"product_cat-contemporary-music","10":"product_cat-orchestral","11":"product_cat-trumpetti","12":"product_shipping_class-cd","14":"first","15":"instock","16":"taxable","17":"shipping-taxable","18":"purchasable","19":"product-type-simple"},"acf":[],"_links":{"self":[{"href":"https:\/\/alba.fi\/en\/wp-json\/wp\/v2\/product\/5533","targetHints":{"allow":["GET"]}}],"collection":[{"href":"https:\/\/alba.fi\/en\/wp-json\/wp\/v2\/product"}],"about":[{"href":"https:\/\/alba.fi\/en\/wp-json\/wp\/v2\/types\/product"}],"replies":[{"embeddable":true,"href":"https:\/\/alba.fi\/en\/wp-json\/wp\/v2\/comments?post=5533"}],"wp:featuredmedia":[{"embeddable":true,"href":"https:\/\/alba.fi\/en\/wp-json\/wp\/v2\/media\/2675"}],"wp:attachment":[{"href":"https:\/\/alba.fi\/en\/wp-json\/wp\/v2\/media?parent=5533"}],"wp:term":[{"taxonomy":"product_brand","embeddable":true,"href":"https:\/\/alba.fi\/en\/wp-json\/wp\/v2\/product_brand?post=5533"},{"taxonomy":"product_cat","embeddable":true,"href":"https:\/\/alba.fi\/en\/wp-json\/wp\/v2\/product_cat?post=5533"},{"taxonomy":"product_tag","embeddable":true,"href":"https:\/\/alba.fi\/en\/wp-json\/wp\/v2\/product_tag?post=5533"}],"curies":[{"name":"wp","href":"https:\/\/api.w.org\/{rel}","templated":true}]}}