{"id":5475,"date":"2021-07-08T18:48:36","date_gmt":"2021-07-08T19:48:34","guid":{"rendered":"https:\/\/staging.alba.fi\/tuote\/etvs-nielsen-sallinen-levitation\/"},"modified":"2023-09-06T15:08:24","modified_gmt":"2023-09-06T15:08:24","slug":"etvs-nielsen-sallinen-levitation","status":"publish","type":"product","link":"https:\/\/alba.fi\/en\/product\/etvs-nielsen-sallinen-levitation\/","title":{"rendered":"E&#xF6;tv&#xF6;s &#x2013; Nielsen &#x2013; Sallinen LEVITATION"},"content":{"rendered":"<p><strong>E\u00f6tv\u00f6s &#8211; Nielsen &#8211; Sallinen<br \/>\nLevitation<br \/>\n<\/strong><em>Christoffer Sundqvist klarinetti<br \/>\nKullervo Kojo klarinetti<br \/>\nTommi Aalto alttoviulu<br \/>\nJani Niinim\u00e4ki pikkurumpu<br \/>\nRadion sinfoniaorkesteri<\/em><br \/>\n<em>Hannu Lintu kapellimestari<br \/>\nOkko Kamu kapellimestari<\/em><\/p>\n<p><strong>Kolme teosta klarinetille<br \/>\n<\/strong>Kansainv\u00e4lisen huippuklarinetisti Christoffer Sundqvistin ja Radion sinfoniaorkesterin uutuuslevyll\u00e4 Levitation kuullaan kolme hienoa s\u00e4vellyst\u00e4, joissa p\u00e4\u00e4osassa on klarinetti:<\/p>\n<p>Yksi oman aikamme kiinnostavimmista s\u00e4velt\u00e4jist\u00e4, Peter E\u00f6tv\u00f6s, sekoittaa Levitation-teoksessaan hauskan mielivaltaisesti kesken\u00e4\u00e4n aivan erilaisia ilmi\u00f6it\u00e4, jolloin tuloksena on liikuttavan ja kiihottavan surrealistinen \u00e4\u00e4nikuva. T\u00e4ll\u00e4 CD:ll\u00e4 E\u00f6tv\u00f6sin teoksessa klarinettia soittaa Sundqvistin lis\u00e4ksi my\u00f6s Kullervo Kojo. RSO:ta johtaa Hannu Lintu.<\/p>\n<p>Carl Nielsenin vuonna 1928 valmistunut Klarinettikonsertto sai aikalaisiltaan ristiriitaisen vastaanoton ep\u00e4romanttisen ja &#8220;graafisen&#8221; sointinsa vuoksi. My\u00f6hemmin teoksesta on tullut yksi arvostetuimmista klarinettikonsertoista, ja sit\u00e4 my\u00f6s soitetaan yh\u00e4 ahkerammin. Pikkurumpua (= &#8220;virveli\u00e4&#8221;) soittaa Jani Niinim\u00e4ki.<\/p>\n<p>Aulis Sallisen kolmiosainen Konsertto klarinetille, alttoviululle ja kamariorkesterille her\u00e4ttelee miettim\u00e4\u00e4n, kuinka v\u00e4linpit\u00e4m\u00e4tt\u00f6m\u00e4sti ihmiset kohtelevat el\u00e4imi\u00e4 omaa etua ajaessaan. T\u00e4ss\u00e4 teoksessa alttoviulusolistina levyll\u00e4 on Tommi Aalto ja RSO:ta johtaa Okko Kamu.<\/p>\n<p>\u2013\u2013\u2013\u2013\u2013\u2013\u2013\u2013\u2013\u2013\u2013\u2013\u2013\u2013\u2013\u2013\u2013\u2013\u2013\u2013\u2013\u2013\u2013\u2013\u2013\u2013\u2013\u2013\u2013\u2013\u2013\u2013\u2013\u2013\u2013\u2013\u2013\u2013\u2013\u2013\u2013\u2013\u2013\u2013\u2013\u2013\u2013\u2013\u2013\u2013\u2013\u2013\u2013\u2013\u2013\u2013\u2013\u2013\u2013\u2013\u2013\u2013\u2013\u2013\u2013\u2013\u2013\u2013\u2013<\/p>\n<p><strong>Klarinetti irtoaa maankamaralta<\/strong><\/p>\n<p>&#8220;RSO:n sooloklarinetisti Christoffer Sundqvist on eleett\u00f6m\u00e4sti vain parastaan tarjoten noussut suomalaisten instrumentalistien huipulle. Musisoinnin sulavuus, rytminen kimmoisuus, \u00e4\u00e4rimm\u00e4isyydet tavoittava sointikirjo ja varma tyylitaju ovat lumonneet aina, olipa kyse orkesterisooloista, kamarimusiikki- tai solistiesityksist\u00e4. [&#8230;] Radion sinfoniaorkesteri, vuoroin Hannu Linnun ja Okko Kamun johtamana, luo joustavat kehykset Sundqvistin taikoja tekev\u00e4lle klarinetille.&#8221;<br \/>\n<em>Jukka Isopuro \/ Helsingin Sanomat<\/em><\/p>\n<p>\u2013\u2013\u2013\u2013\u2013\u2013\u2013\u2013\u2013\u2013\u2013\u2013\u2013\u2013\u2013\u2013\u2013\u2013\u2013\u2013\u2013\u2013\u2013\u2013\u2013\u2013\u2013\u2013\u2013\u2013\u2013\u2013\u2013\u2013\u2013\u2013\u2013\u2013\u2013\u2013\u2013\u2013\u2013\u2013\u2013\u2013\u2013\u2013\u2013\u2013\u2013\u2013\u2013\u2013\u2013\u2013\u2013\u2013\u2013\u2013\u2013\u2013\u2013\u2013\u2013\u2013\u2013\u2013\u2013<\/p>\n<p><strong>RSOn sooloklarinetisti levytti hienon konserttokimaran<\/strong><\/p>\n<p>&#8220;Romanianunkarilaisen Peter E\u00f6tv\u00f6sin (s. 1944) sirkusmaisessa &#8220;Levitationissa&#8221; Sundqvistin solistipartnerina on Kullervo Kojo, h\u00e4nen edelt\u00e4j\u00e4ns\u00e4 RSOn sooloklarinetin paikalla. Solistien ilmeik\u00e4s vuorottelu ja sopuisat intervallit hakevat vertaistaan. Koominen k\u00e4\u00e4ntyy \u00e4kki\u00e4 traagiseksi.<\/p>\n<p>[Nielsenin klarinettikonserton] Esteettinen huippukohta l\u00f6ytyy ensiosan kadenssin j\u00e4lkeisest\u00e4 fagottien musettesta ja sit\u00e4 seuraavasta perkeleellisest\u00e4 ahtokulusta. Siihen p\u00e4\u00e4lle tulevat Sundqvistin huippunopeat staccatot, jotka eiv\u00e4t ole t\u00e4st\u00e4 maailmasta.<\/p>\n<p>Kolmantena teoksena levyll\u00e4 on Aulis Sallisen el\u00e4inten kohtaloa sureva konsertto. Tommi Aalto saa alttoviulustaan irti syd\u00e4meenk\u00e4yvi\u00e4 melodiakaaria. Sundqvist kiekuu meri-imett\u00e4j\u00e4n poikasena vakuuttavasti.&#8221;<br \/>\n<em>Janne Koskinen \/ YLE Uudet levyt<\/em><\/p>\n<p>\u2013\u2013\u2013\u2013\u2013\u2013\u2013\u2013\u2013\u2013\u2013\u2013\u2013\u2013\u2013\u2013\u2013\u2013\u2013\u2013\u2013\u2013\u2013\u2013\u2013\u2013\u2013\u2013\u2013\u2013\u2013\u2013\u2013\u2013\u2013\u2013\u2013\u2013\u2013\u2013\u2013\u2013\u2013\u2013\u2013\u2013\u2013\u2013\u2013\u2013\u2013\u2013\u2013\u2013\u2013\u2013\u2013\u2013\u2013\u2013\u2013\u2013\u2013\u2013\u2013\u2013\u2013\u2013\u2013<\/p>\n<p><a href=\"http:\/\/www.musicweb-international.com\/classrev\/2012\/Feb12\/Eotvos_Levitation_ABCD314.htm\">MusicWeb International<\/a><\/p>\n","protected":false},"excerpt":{"rendered":"<p>E\u00f6tv\u00f6s &#8211; Nielsen &#8211; Sallinen Levitation Christoffer Sundqvist klarinetti Kullervo Kojo klarinetti Tommi Aalto alttoviulu Jani Niinim\u00e4ki pikkurumpu Radion sinfoniaorkesteri Hannu Lintu kapellimestari Okko Kamu kapellimestari Kolme teosta klarinetille Kansainv\u00e4lisen huippuklarinetisti Christoffer Sundqvistin ja Radion sinfoniaorkesterin uutuuslevyll\u00e4 Levitation kuullaan kolme hienoa s\u00e4vellyst\u00e4, joissa p\u00e4\u00e4osassa on klarinetti: Yksi oman aikamme kiinnostavimmista s\u00e4velt\u00e4jist\u00e4, Peter E\u00f6tv\u00f6s, sekoittaa Levitation-teoksessaan [&hellip;]<\/p>\n","protected":false},"featured_media":5988,"comment_status":"closed","ping_status":"closed","template":"","meta":{"_acf_changed":false,"_themeisle_gutenberg_block_has_review":false},"product_brand":[],"product_cat":[230,190,194,179,203,176],"product_tag":[],"class_list":{"0":"post-5475","1":"product","2":"type-product","3":"status-publish","4":"has-post-thumbnail","6":"product_cat-abcd-en","7":"product_cat-all-discs","8":"product_cat-clarinet","9":"product_cat-contemporary-music","10":"product_cat-orchestral","11":"product_cat-sacd-cd","12":"product_shipping_class-cd","14":"first","15":"instock","16":"taxable","17":"shipping-taxable","18":"purchasable","19":"product-type-simple"},"acf":[],"_links":{"self":[{"href":"https:\/\/alba.fi\/en\/wp-json\/wp\/v2\/product\/5475","targetHints":{"allow":["GET"]}}],"collection":[{"href":"https:\/\/alba.fi\/en\/wp-json\/wp\/v2\/product"}],"about":[{"href":"https:\/\/alba.fi\/en\/wp-json\/wp\/v2\/types\/product"}],"replies":[{"embeddable":true,"href":"https:\/\/alba.fi\/en\/wp-json\/wp\/v2\/comments?post=5475"}],"wp:featuredmedia":[{"embeddable":true,"href":"https:\/\/alba.fi\/en\/wp-json\/wp\/v2\/media\/5988"}],"wp:attachment":[{"href":"https:\/\/alba.fi\/en\/wp-json\/wp\/v2\/media?parent=5475"}],"wp:term":[{"taxonomy":"product_brand","embeddable":true,"href":"https:\/\/alba.fi\/en\/wp-json\/wp\/v2\/product_brand?post=5475"},{"taxonomy":"product_cat","embeddable":true,"href":"https:\/\/alba.fi\/en\/wp-json\/wp\/v2\/product_cat?post=5475"},{"taxonomy":"product_tag","embeddable":true,"href":"https:\/\/alba.fi\/en\/wp-json\/wp\/v2\/product_tag?post=5475"}],"curies":[{"name":"wp","href":"https:\/\/api.w.org\/{rel}","templated":true}]}}