{"id":10181,"date":"2024-05-24T18:10:31","date_gmt":"2024-05-24T18:10:31","guid":{"rendered":"https:\/\/alba.fi\/tuote\/ncd-63-elaman-laulu\/"},"modified":"2024-05-24T18:10:31","modified_gmt":"2024-05-24T18:10:31","slug":"ncd-63-elaman-laulu","status":"publish","type":"product","link":"https:\/\/alba.fi\/en\/product\/ncd-63-elaman-laulu\/","title":{"rendered":"NCD 63 \u2013 El\u00e4m\u00e4n laulu"},"content":{"rendered":"<p class=\"p2\"><strong>T<span class=\"s1\">omas <\/span>T<span class=\"s1\">akolander<\/span><\/strong>: Nelj\u00e4 laulua mieskuorolle Uuno Kailaan runoihin<br \/>\n<strong><span class=\"s4\">J<\/span><span class=\"s1\">ean <\/span><span class=\"s5\">S<\/span><span class=\"s1\">ibelius<\/span><\/strong><span class=\"s4\">: Rakastava <\/span>(Kanteletar) <span class=\"s2\">\u2013 <\/span>soolo: Tero Harjunniemi, tenori<br \/>\n<strong><span class=\"s2\">S<\/span><span class=\"s1\">elim <\/span>P<span class=\"s1\">almgren<\/span><\/strong>: Darthulas gravs\u00e5ng <span class=\"s2\">(J. L. Runeberg)<br \/>\n<\/span><strong>C<span class=\"s1\">e<\/span><span class=\"s5\">c<\/span><span class=\"s1\">ilia <\/span><span class=\"s5\">D<\/span><span class=\"s1\">ahls<\/span><span class=\"s5\">t<\/span><span class=\"s1\">r\u00f6m<\/span><\/strong>: Sailing To Windward <span class=\"s2\">(Michael Binnie)\u00a0 <\/span><span class=\"s2\">\u2013 <\/span>soolo: Benjamin Becker, basso<br \/>\n<strong>J<span class=\"s1\">ohannes <\/span>T<span class=\"s1\">iusanen<\/span><\/strong>: Satu espoolaisista rivitaloista <span class=\"s2\">(Saila Susiluoto)<br \/>\n<\/span><strong><span class=\"s1\">Annamari K\u00e4h\u00e4r\u00e4<\/span><\/strong><span class=\"s4\">: El\u00e4m\u00e4n laulu <\/span>(Unto Kupiainen) <span class=\"s2\">\u2013 <\/span>soolo: Heikki M\u00e4enp\u00e4\u00e4, tenori<br \/>\n<strong><span class=\"s4\">V<\/span><span class=\"s1\">el<\/span><span class=\"s5\">j<\/span><span class=\"s1\">o <\/span><span class=\"s4\">T<\/span><span class=\"s1\">ormis<\/span><\/strong><span class=\"s4\">: Raua needmine <\/span>(Kalevala \/ Annist, Rummo &amp; Kaplinski)<\/p>\n","protected":false},"excerpt":{"rendered":"<p>Tomas Takolander: Nelj\u00e4 laulua mieskuorolle Uuno Kailaan runoihin Jean Sibelius: Rakastava (Kanteletar) \u2013 soolo: Tero Harjunniemi, tenori Selim Palmgren: Darthulas gravs\u00e5ng (J. L. Runeberg) Cecilia Dahlstr\u00f6m: Sailing To Windward (Michael Binnie)\u00a0 \u2013 soolo: Benjamin Becker, basso Johannes Tiusanen: Satu espoolaisista rivitaloista (Saila Susiluoto) Annamari K\u00e4h\u00e4r\u00e4: El\u00e4m\u00e4n laulu (Unto Kupiainen) \u2013 soolo: Heikki M\u00e4enp\u00e4\u00e4, tenori Veljo [&hellip;]<\/p>\n","protected":false},"featured_media":9926,"comment_status":"open","ping_status":"closed","template":"","meta":{"_acf_changed":false,"_themeisle_gutenberg_block_has_review":false},"product_brand":[],"product_cat":[190,196,234,231,219],"product_tag":[],"class_list":{"0":"post-10181","1":"product","2":"type-product","3":"status-publish","4":"has-post-thumbnail","6":"product_cat-all-discs","7":"product_cat-choral-music","8":"product_cat-general","9":"product_cat-ncd-en","10":"product_cat-vocal-music","11":"product_shipping_class-cd","13":"first","14":"instock","15":"taxable","16":"shipping-taxable","17":"purchasable","18":"product-type-simple"},"acf":[],"_links":{"self":[{"href":"https:\/\/alba.fi\/en\/wp-json\/wp\/v2\/product\/10181","targetHints":{"allow":["GET"]}}],"collection":[{"href":"https:\/\/alba.fi\/en\/wp-json\/wp\/v2\/product"}],"about":[{"href":"https:\/\/alba.fi\/en\/wp-json\/wp\/v2\/types\/product"}],"replies":[{"embeddable":true,"href":"https:\/\/alba.fi\/en\/wp-json\/wp\/v2\/comments?post=10181"}],"wp:featuredmedia":[{"embeddable":true,"href":"https:\/\/alba.fi\/en\/wp-json\/wp\/v2\/media\/9926"}],"wp:attachment":[{"href":"https:\/\/alba.fi\/en\/wp-json\/wp\/v2\/media?parent=10181"}],"wp:term":[{"taxonomy":"product_brand","embeddable":true,"href":"https:\/\/alba.fi\/en\/wp-json\/wp\/v2\/product_brand?post=10181"},{"taxonomy":"product_cat","embeddable":true,"href":"https:\/\/alba.fi\/en\/wp-json\/wp\/v2\/product_cat?post=10181"},{"taxonomy":"product_tag","embeddable":true,"href":"https:\/\/alba.fi\/en\/wp-json\/wp\/v2\/product_tag?post=10181"}],"curies":[{"name":"wp","href":"https:\/\/api.w.org\/{rel}","templated":true}]}}