{"id":10180,"date":"2024-11-19T17:54:58","date_gmt":"2024-11-19T17:54:58","guid":{"rendered":"https:\/\/alba.fi\/tuote\/manse-gospelin-historia-kirja-levy\/"},"modified":"2024-11-19T17:54:58","modified_gmt":"2024-11-19T17:54:58","slug":"manse-gospelin-historia-kirja-levy","status":"publish","type":"product","link":"https:\/\/alba.fi\/en\/product\/manse-gospelin-historia-kirja-levy\/","title":{"rendered":"Manse-gospelin historia KIRJA + LEVY"},"content":{"rendered":"<p>Tampere oli keskeinen Suomi-gospelin liikkeellepanija.<\/p>\n<p><strong>Olli-Pekka M\u00e4kinen<\/strong> ja <strong>Hannu Virtanen<\/strong> nostavat valokeilaan v\u00e4hemm\u00e4n tutkitun Manse-gospelin varhaishistorian. Tarina alkaa 1960-luvun puoliv\u00e4list\u00e4, jolloin rock oli jo rantautunut Suomeen, nuoriso kapinoi rukouslauantain huvikieltoa vastaan ja s\u00e4hk\u00f6kitara l\u00f6ysi tiens\u00e4 kirkkoon.<\/p>\n<p>Kirja kertoo<\/p>\n<ul>\n<li>miten kehitys Tampereella kuohuvina vuosina tapahtui<\/li>\n<li>ketk\u00e4 olivat keskeisi\u00e4 vaikuttajia ja miten yhtyeet syntyiv\u00e4t<\/li>\n<li>millaista musiikkia syntyi aikana, jolloin marssittiin rauhan puolesta, keskusteltiin vallankumouksen teologiasta ja vastustettiin rotusortoa<\/li>\n<li>mik\u00e4 oli kirkon rooli Manse-gospelin kehityksess\u00e4<\/li>\n<\/ul>\n<p>Monia raja-aitoja kaadettiin, samat b\u00e4ndit ja nuoret muusikot soittivat yht\u00e4 hyvin kirkossa kuin tanssilavalla ja teatterissa. Tamperelainen gospel on osa Manse-rockin historiaa.<\/p>\n<p>Kirjan liitteen\u00e4 oleva CD-levy sek\u00e4 aiheeseen liittyv\u00e4t digi\u00e4\u00e4nitteet ja youtube-videot dokumentoivat tuon rosoisen ajan lauluja ja henke\u00e4.<\/p>\n","protected":false},"excerpt":{"rendered":"<p>Tampere oli keskeinen Suomi-gospelin liikkeellepanija. Olli-Pekka M\u00e4kinen ja Hannu Virtanen nostavat valokeilaan v\u00e4hemm\u00e4n tutkitun Manse-gospelin varhaishistorian. Tarina alkaa 1960-luvun puoliv\u00e4list\u00e4, jolloin rock oli jo rantautunut Suomeen, nuoriso kapinoi rukouslauantain huvikieltoa vastaan ja s\u00e4hk\u00f6kitara l\u00f6ysi tiens\u00e4 kirkkoon. Kirja kertoo miten kehitys Tampereella kuohuvina vuosina tapahtui ketk\u00e4 olivat keskeisi\u00e4 vaikuttajia ja miten yhtyeet syntyiv\u00e4t millaista musiikkia syntyi [&hellip;]<\/p>\n","protected":false},"featured_media":9988,"comment_status":"open","ping_status":"closed","template":"","meta":{"_acf_changed":false,"_themeisle_gutenberg_block_has_review":false},"product_brand":[],"product_cat":[185,279,215,192],"product_tag":[],"class_list":{"0":"post-10180","1":"product","2":"type-product","3":"status-publish","4":"has-post-thumbnail","6":"product_cat-gospel","7":"product_cat-kirjat-en","8":"product_cat-latest-releases","9":"product_cat-popular-music","10":"product_shipping_class-kirja-en","12":"first","13":"instock","14":"taxable","15":"shipping-taxable","16":"purchasable","17":"product-type-simple"},"acf":[],"_links":{"self":[{"href":"https:\/\/alba.fi\/en\/wp-json\/wp\/v2\/product\/10180","targetHints":{"allow":["GET"]}}],"collection":[{"href":"https:\/\/alba.fi\/en\/wp-json\/wp\/v2\/product"}],"about":[{"href":"https:\/\/alba.fi\/en\/wp-json\/wp\/v2\/types\/product"}],"replies":[{"embeddable":true,"href":"https:\/\/alba.fi\/en\/wp-json\/wp\/v2\/comments?post=10180"}],"wp:featuredmedia":[{"embeddable":true,"href":"https:\/\/alba.fi\/en\/wp-json\/wp\/v2\/media\/9988"}],"wp:attachment":[{"href":"https:\/\/alba.fi\/en\/wp-json\/wp\/v2\/media?parent=10180"}],"wp:term":[{"taxonomy":"product_brand","embeddable":true,"href":"https:\/\/alba.fi\/en\/wp-json\/wp\/v2\/product_brand?post=10180"},{"taxonomy":"product_cat","embeddable":true,"href":"https:\/\/alba.fi\/en\/wp-json\/wp\/v2\/product_cat?post=10180"},{"taxonomy":"product_tag","embeddable":true,"href":"https:\/\/alba.fi\/en\/wp-json\/wp\/v2\/product_tag?post=10180"}],"curies":[{"name":"wp","href":"https:\/\/api.w.org\/{rel}","templated":true}]}}