{"id":10179,"date":"2025-03-04T14:02:31","date_gmt":"2025-03-04T14:02:31","guid":{"rendered":"https:\/\/alba.fi\/tuote\/abcd-483-on-a-night-like-this\/"},"modified":"2025-03-04T14:02:31","modified_gmt":"2025-03-04T14:02:31","slug":"abcd-483-on-a-night-like-this","status":"publish","type":"product","link":"https:\/\/alba.fi\/en\/product\/abcd-483-on-a-night-like-this\/","title":{"rendered":"ABCD 483 \u2013 On a Night Like This"},"content":{"rendered":"<p><strong>Olmarin Unioni<br \/>\n<\/strong><strong>Mikko \u201dOlmari\u201d J\u00e4rvinen<\/strong>: drums \u2013 rummut<br \/>\n<strong>Ville Rauhala<\/strong>: double bass \u2013 kontrabasso<br \/>\n<strong>Saku J\u00e4rvinen<\/strong>: piano<br \/>\n<strong>Masa Orpana<\/strong>: tenor &amp; soprano saxophone \u2013 tenori- ja sopraanosaksofoni<\/p>\n<p>Jazzkvartetti Olmarin Unioni kokoontui studioon l\u00e4hes kahdenkymmenen vuoden j\u00e4lkeen kes\u00e4ll\u00e4 2024. On a Night Like This (ABCD 483) -levylle valikoitui nelj\u00e4 pianisti Saku J\u00e4rvisen ja nelj\u00e4 kontrabasisti Ville Rauhalan s\u00e4vellyst\u00e4.<\/p>\n<p>Vuosituhannen vaihteessa perustetun Olmarin Unionin alkuaikojen innoittajana oli 1950-60 &#8211; lukujen hardbop- ja Blue Note -soundi. On a Night Like This -levyll\u00e4 n\u00e4m\u00e4 juuret ovat vahvasti l\u00e4sn\u00e4, mutta tyyli on p\u00e4ivittynyt tekij\u00f6idens\u00e4 n\u00e4k\u00f6iseksi. Musiikissa on vahvan svengin lis\u00e4ksi freejazz romantiikkaa, vilpit\u00f6nt\u00e4 melodisuutta ja kirpe\u00e4\u00e4 dissonanssia.<\/p>\n<p>Aikaisempien levyjen (Original Finnish Jazz, ABCD 192 ja Peaceful Means, ABCD 215) tapaan l\u00e4mpim\u00e4n t\u00e4ysanalogisoundin takana on Studio JJ:n \u00e4\u00e4nitt\u00e4j\u00e4 ja miksaaja Juuso Nordlund.<\/p>\n","protected":false},"excerpt":{"rendered":"<p>Olmarin Unioni Mikko \u201dOlmari\u201d J\u00e4rvinen: drums \u2013 rummut Ville Rauhala: double bass \u2013 kontrabasso Saku J\u00e4rvinen: piano Masa Orpana: tenor &amp; soprano saxophone \u2013 tenori- ja sopraanosaksofoni Jazzkvartetti Olmarin Unioni kokoontui studioon l\u00e4hes kahdenkymmenen vuoden j\u00e4lkeen kes\u00e4ll\u00e4 2024. On a Night Like This (ABCD 483) -levylle valikoitui nelj\u00e4 pianisti Saku J\u00e4rvisen ja nelj\u00e4 kontrabasisti Ville [&hellip;]<\/p>\n","protected":false},"featured_media":10145,"comment_status":"open","ping_status":"closed","template":"","meta":{"_acf_changed":false,"_themeisle_gutenberg_block_has_review":false},"product_brand":[],"product_cat":[230,190,234,188,192],"product_tag":[],"class_list":{"0":"post-10179","1":"product","2":"type-product","3":"status-publish","4":"has-post-thumbnail","6":"product_cat-abcd-en","7":"product_cat-all-discs","8":"product_cat-general","9":"product_cat-jazz","10":"product_cat-popular-music","11":"product_shipping_class-cd","13":"first","14":"instock","15":"taxable","16":"shipping-taxable","17":"purchasable","18":"product-type-simple"},"acf":[],"_links":{"self":[{"href":"https:\/\/alba.fi\/en\/wp-json\/wp\/v2\/product\/10179","targetHints":{"allow":["GET"]}}],"collection":[{"href":"https:\/\/alba.fi\/en\/wp-json\/wp\/v2\/product"}],"about":[{"href":"https:\/\/alba.fi\/en\/wp-json\/wp\/v2\/types\/product"}],"replies":[{"embeddable":true,"href":"https:\/\/alba.fi\/en\/wp-json\/wp\/v2\/comments?post=10179"}],"wp:featuredmedia":[{"embeddable":true,"href":"https:\/\/alba.fi\/en\/wp-json\/wp\/v2\/media\/10145"}],"wp:attachment":[{"href":"https:\/\/alba.fi\/en\/wp-json\/wp\/v2\/media?parent=10179"}],"wp:term":[{"taxonomy":"product_brand","embeddable":true,"href":"https:\/\/alba.fi\/en\/wp-json\/wp\/v2\/product_brand?post=10179"},{"taxonomy":"product_cat","embeddable":true,"href":"https:\/\/alba.fi\/en\/wp-json\/wp\/v2\/product_cat?post=10179"},{"taxonomy":"product_tag","embeddable":true,"href":"https:\/\/alba.fi\/en\/wp-json\/wp\/v2\/product_tag?post=10179"}],"curies":[{"name":"wp","href":"https:\/\/api.w.org\/{rel}","templated":true}]}}