{"id":10068,"date":"2024-11-05T15:12:58","date_gmt":"2024-11-05T15:12:58","guid":{"rendered":"https:\/\/alba.fi\/tuote\/abcd-484-a-letter-to-the-other-side\/"},"modified":"2024-11-05T15:12:58","modified_gmt":"2024-11-05T15:12:58","slug":"abcd-484-a-letter-to-the-other-side","status":"publish","type":"product","link":"https:\/\/alba.fi\/en\/product\/abcd-484-a-letter-to-the-other-side\/","title":{"rendered":"ABCD 484 \u2013 A Letter to the Other Side"},"content":{"rendered":"<p>S\u00e4velt\u00e4j\u00e4\u00a0<strong>Pehr Henrik Nordgren\u00a0<\/strong>(1944-2008) toimi pitk\u00e4\u00e4n\u00a0<strong>KPKO<\/strong>:n nimikkos\u00e4velt\u00e4j\u00e4n\u00e4, ja h\u00e4nen suhteensa orkesteriin ja sen kunniakapellimestariin,\u00a0<strong>Juha Kankaaseen<\/strong>\u00a0oli eritt\u00e4in l\u00e4heinen. Nordgrenin syntym\u00e4st\u00e4 on t\u00e4n\u00e4 vuonna kulunut 80 vuotta.<\/p>\n<p>Levyll\u00e4 kuullaan seuraavat teokset:<\/p>\n<p><strong><em>Pianokvintetto<\/em><\/strong><em>, op. 44<\/em>\u00a0(1978), jossa Nordgren on ammentanut elementtej\u00e4 eri puolilta maailmaa, kuultavissa on mm. Lapin joikuperinteihin liittyvi\u00e4 melodia-aiheita ja japanilaisia, buddhalaisia rituaalilauluja.<br \/>\nYksiosaisen pianokvinteton esitt\u00e4\u00e4\u00a0<strong>Kokkola-kvartetti<\/strong>, joka on 1980-luvulta eri kokoonpanoillaan esitt\u00e4nyt ja kantaesitt\u00e4nyt runsaasti Nordgrenin musiikkia. Pianokvintetossa Kokkola-kvartettia vahvistaa pianisti\u00a0<strong>Kirill<\/strong>\u00a0<strong>Kozlovski<\/strong>.<\/p>\n<p><strong><em>Jousikvartetto nro 7<\/em><\/strong><em>, op. 85<\/em>\u00a0(1992), mink\u00e4 Nordgren s\u00e4velsi japanilaissyntyiselle Shinobu-vaimolleen.<\/p>\n<p><strong><em>Laulusarja Nils-Aslak Valkeap\u00e4\u00e4n runoihin<\/em><\/strong><em>\u00a0(L\u00e1vllar\u00e1idu Nils-Aslak Valkeap\u00e4\u00e4 divttai&#8217;e) baritonille, sellolle ja pianolle, op. 48<\/em>\u00a0(1978) \u2013laulusarja kuuluu Nordgrenin laajahkoon laulutuotantoon.<br \/>\nLevyll\u00e4 teoksen tulkitsee maamme nuoren polven musiikkilupauksiin kuuluva suomalais-meksikolainen laulaja\u00a0<strong>Gabriel<\/strong>\u00a0<strong>Kivivuori<\/strong>\u00a0<strong>Sereno.\u00a0<\/strong>Sello osuudet soittaa kokkolalaisl\u00e4ht\u00f6inen\u00a0<strong>Joanna<\/strong>\u00a0<strong>Hanhikoski<\/strong>, joka on palkittu mm. Turun sellokilpailussa v. 2022.<\/p>\n<p>Viimeisen\u00e4 levyll\u00e4 kuullaan levyn nimikkoteos Kalevi Ahon (s.1949)\u00a0<strong>A Letter to the Other Side\u00a0<\/strong><strong>\u2022<\/strong><strong>\u00a0<em>Kirje tuolle puolen<\/em><\/strong>, jonka levyll\u00e4 esitt\u00e4\u00e4\u00a0<strong>Keski-Pohjanmaan Kamariorkesteri<\/strong>\u00a0kunniakapellimestari\u00a0<strong>Juha<\/strong>\u00a0<strong>Kankaan<\/strong>\u00a0johdolla. Teos on kantaesitetty vuonna 2018 Nordgrenin 75-vuotiskonsertissa.<\/p>\n","protected":false},"excerpt":{"rendered":"<p>A Letter to the Other SIde \u2013LEVYNJULKAISUKONSERTTI<\/p>\n<p>Perjantaina 8.11. klo 19<br \/>\nMusiikkikeskus Snellmanin Fordell-salissa Kokkolassa.<\/p>\n<p>Kokkola-kvartetti:<br \/>\nReetta Kataja-Saarikettu, viulu &amp; Reijo Tunkkari, viulu<br \/>\nSaara Kurki, alttoviulu &amp; Ulla Lampela, sello<br \/>\nSek\u00e4<br \/>\nKirill Kozlovski, piano<br \/>\nGabriel Kivivuori Sereno, baritoni<br \/>\nJoanna Hanhikoski, sello<\/p>\n<p>Konsertissa kuullaan levyll\u00e4 olevat Nordgrenin teokset<br \/>\n(ei Ahon Kirje tuolle puolen -teosta)<\/p>\n","protected":false},"featured_media":9956,"comment_status":"open","ping_status":"closed","template":"","meta":{"_acf_changed":false,"_themeisle_gutenberg_block_has_review":false},"product_brand":[],"product_cat":[230,190,215],"product_tag":[],"class_list":{"0":"post-10068","1":"product","2":"type-product","3":"status-publish","4":"has-post-thumbnail","6":"product_cat-abcd-en","7":"product_cat-all-discs","8":"product_cat-latest-releases","9":"product_shipping_class-cd","11":"first","12":"instock","13":"taxable","14":"shipping-taxable","15":"purchasable","16":"product-type-simple"},"acf":[],"_links":{"self":[{"href":"https:\/\/alba.fi\/en\/wp-json\/wp\/v2\/product\/10068","targetHints":{"allow":["GET"]}}],"collection":[{"href":"https:\/\/alba.fi\/en\/wp-json\/wp\/v2\/product"}],"about":[{"href":"https:\/\/alba.fi\/en\/wp-json\/wp\/v2\/types\/product"}],"replies":[{"embeddable":true,"href":"https:\/\/alba.fi\/en\/wp-json\/wp\/v2\/comments?post=10068"}],"wp:featuredmedia":[{"embeddable":true,"href":"https:\/\/alba.fi\/en\/wp-json\/wp\/v2\/media\/9956"}],"wp:attachment":[{"href":"https:\/\/alba.fi\/en\/wp-json\/wp\/v2\/media?parent=10068"}],"wp:term":[{"taxonomy":"product_brand","embeddable":true,"href":"https:\/\/alba.fi\/en\/wp-json\/wp\/v2\/product_brand?post=10068"},{"taxonomy":"product_cat","embeddable":true,"href":"https:\/\/alba.fi\/en\/wp-json\/wp\/v2\/product_cat?post=10068"},{"taxonomy":"product_tag","embeddable":true,"href":"https:\/\/alba.fi\/en\/wp-json\/wp\/v2\/product_tag?post=10068"}],"curies":[{"name":"wp","href":"https:\/\/api.w.org\/{rel}","templated":true}]}}