{"id":10065,"date":"2024-11-18T12:39:12","date_gmt":"2024-11-18T12:39:12","guid":{"rendered":"https:\/\/alba.fi\/tuote\/abcd-534-kauneimmat-barokkijoululaulut\/"},"modified":"2025-09-10T18:08:08","modified_gmt":"2025-09-10T18:08:08","slug":"abcd-534-kauneimmat-barokkijoululaulut","status":"publish","type":"product","link":"https:\/\/alba.fi\/en\/product\/abcd-534-kauneimmat-barokkijoululaulut\/","title":{"rendered":"ABCD 534 \u2013 Kauneimmat Barokkijoululaulut"},"content":{"rendered":"<p class=\"p1\"><b>1. Coventry Carol &#8211; Lully lulla<br \/>\n<\/b><b>2. Un flambeau, Jeanette, Isabell<\/b><span class=\"s1\"><b>e<br \/>\n<\/b><\/span><b>3. Les Anges dans nos campagnes &#8211; Kuului laulu enkelten<br \/>\n<\/b><b>3. Es ist ein Ros Entsprungen &#8211; On ruusu Iisain juuren<br \/>\n<\/b><b>5. Varpunen jouluaamuna &#8211; Sparven om julmorgonen <\/b><span class=\"s2\">[inst.]<br \/>\n<\/span><b>6. Hej, tomtegubbar &#8211; Hei, tonttu-ukot, hyppik\u00e4<\/b><span class=\"s2\"><b>\u00e4<br \/>\n<\/b><\/span><span class=\"s3\"><b>7. Auld lang syne <\/b><\/span>(T\u00e4\u00e4 yst\u00e4vyys ei raukene)<br \/>\n<b>8. Entre le b\u0153uf et l&#8217;\u00e2ne gris &#8211; Heinill\u00e4 h\u00e4rkien kaukalon<br \/>\n<\/b><b>9. Deck the Hall &#8211; Kuusen kotiin tuoda saamme<br \/>\n<\/b><b>10. No, onkos tullut kes\u00e4 &#8211; Jouluaatto<\/b><span class=\"s2\"><b> <\/b>[inst.]<br \/>\n<\/span><b>11. Vom Himmel hoch &#8211; Enkeli taivaan lausui n\u00e4in<\/b><span class=\"s2\"><b> <\/b>[inst.]<br \/>\n<\/span><b>12. The First Nowell &#8211; Joulu ensimm\u00e4inen<br \/>\n<\/b><b>13. Wexford Carol &#8211; Good people all, this Christmas Time<br \/>\n<\/b><b>14. Stille Nacht, heilige Nacht &#8211; Jouluy\u00f6, juhlay\u00f6<\/b><\/p>\n<p class=\"p1\"><b>Jussi Salonen<\/b>, <span class=\"s1\">tenori<br \/>\n<\/span><b>David Hackston<\/b>, <span class=\"s1\">kontratenori<\/span><\/p>\n<p class=\"p1\"><b>Ensemble Nylandia<br \/>\n<\/b><span class=\"s3\"><b>Matias H\u00e4kkinen<\/b>, <\/span>cembalo ja musiikin johto<br \/>\n<span class=\"s3\"><b>Sini Vahervuo<\/b>, <\/span>huilut (traverso \u2022 sopraano-, altto- ja tenorinokkahuilut)<br \/>\n<span class=\"s3\"><b>Jarmo Julkunen<\/b>, <\/span>luuttu \u2022 vihuela \u2022 ukulele<br \/>\n<span class=\"s3\"><b>Jukka Rautasalo<\/b>, <\/span>diskanttigamba \u2022 bassogamba \u2022 barokkisello<br \/>\n<b>Lassi Kari<\/b>, <span class=\"s1\">violone<\/span><\/p>\n","protected":false},"excerpt":{"rendered":"<p>Vanhaan musiikkiin erikoistuneen 15-vuotiaan <strong>Ensemble Nylandian <\/strong>\u00e4\u00e4nite sis\u00e4lt\u00e4\u00e4 vanhan musiikin soittimin soitettuja eurooppalaisia joululaulujen helmi\u00e4. Levyn keski\u00f6ss\u00e4 ovat laulujen tekstit ja tarinankerronta. Kappaleiden tunnelmat vaihtelevat seimen rauhasta aina tonttujen hilpe\u00e4\u00e4n hyppelyyn my\u00f6s orkesterin sovituksissa ja monipuolisissa soitinkokoonpanoissa.<\/p>\n<p>Levyll\u00e4 kuullaan laaja valikoima barokkiorkesterin kokeneiden muusikoiden soittimia; eri kokoisia viola da gamboja ja renessanssin ja barokin huilusoittimia, cembaloa, violone-bassoa, luuttua ja vihuelaa. Muusikoiden syv\u00e4llinen ymm\u00e4rrys vanhan musiikin esitt\u00e4misk\u00e4yt\u00e4nn\u00f6ist\u00e4 v\u00e4littyy l\u00e4pi levyn.<\/p>\n<p>&#8212;<\/p>\n<p dir=\"ltr\">The 15-year-old Ensemble Nylandia, specializing in early music, presents a recording featuring European Christmas carols performed with historical instruments. At the heart of the album are the texts and storytelling of the songs. The moods range from the serene peace of the nativity scene to the cheerful dances of elves, highlighted in both the orchestral arrangements and the versatile instrumental ensembles.<\/p>\n<p dir=\"ltr\">The recording showcases a broad selection of instruments played by seasoned musicians of the baroque orchestra, including viols of various sizes, Renaissance and Baroque flutes, harpsichord, violone bass, lute, and vihuela. The musicians\u2019 profound understanding of early music performance practices resonates throughout the album.<\/p>\n<p>&#8212;<\/p>\n<p dir=\"ltr\">Den 15-\u00e5riga Ensemble Nylandia, specialiserad p\u00e5 tidig musik, presenterar en inspelning med europeiska julpsalmer framf\u00f6rda med historiska instrument. I centrum f\u00f6r skivan st\u00e5r s\u00e5ngtexterna och ber\u00e4ttandet. St\u00e4mningarna varierar fr\u00e5n krubbans fridfullhet till tomtarnas glada dans, vilket framh\u00e4vs b\u00e5de i orkesterns arrangemang och de m\u00e5ngsidiga instrumentala ensemblerna.<\/p>\n<p dir=\"ltr\">Inspelningen inneh\u00e5ller ett brett urval av instrument som spelas av erfarna barockorkestermusiker, inklusive viola da gambor i olika storlekar, ren\u00e4ssans- och barockfl\u00f6jter, cembalo, violone-bas, luta och vihuela. Musikernas djupa f\u00f6rst\u00e5else f\u00f6r tidig musik och dess framf\u00f6randepraxis genomsyrar hela skivan.<\/p>\n","protected":false},"featured_media":9973,"comment_status":"open","ping_status":"closed","template":"","meta":{"_acf_changed":false,"_themeisle_gutenberg_block_has_review":false},"product_brand":[],"product_cat":[230,190,181,189,215],"product_tag":[],"class_list":{"0":"post-10065","1":"product","2":"type-product","3":"status-publish","4":"has-post-thumbnail","6":"product_cat-abcd-en","7":"product_cat-all-discs","8":"product_cat-baroque","9":"product_cat-christmas","10":"product_cat-latest-releases","11":"product_shipping_class-cd","13":"first","14":"instock","15":"taxable","16":"shipping-taxable","17":"purchasable","18":"product-type-simple"},"acf":[],"_links":{"self":[{"href":"https:\/\/alba.fi\/en\/wp-json\/wp\/v2\/product\/10065","targetHints":{"allow":["GET"]}}],"collection":[{"href":"https:\/\/alba.fi\/en\/wp-json\/wp\/v2\/product"}],"about":[{"href":"https:\/\/alba.fi\/en\/wp-json\/wp\/v2\/types\/product"}],"replies":[{"embeddable":true,"href":"https:\/\/alba.fi\/en\/wp-json\/wp\/v2\/comments?post=10065"}],"wp:featuredmedia":[{"embeddable":true,"href":"https:\/\/alba.fi\/en\/wp-json\/wp\/v2\/media\/9973"}],"wp:attachment":[{"href":"https:\/\/alba.fi\/en\/wp-json\/wp\/v2\/media?parent=10065"}],"wp:term":[{"taxonomy":"product_brand","embeddable":true,"href":"https:\/\/alba.fi\/en\/wp-json\/wp\/v2\/product_brand?post=10065"},{"taxonomy":"product_cat","embeddable":true,"href":"https:\/\/alba.fi\/en\/wp-json\/wp\/v2\/product_cat?post=10065"},{"taxonomy":"product_tag","embeddable":true,"href":"https:\/\/alba.fi\/en\/wp-json\/wp\/v2\/product_tag?post=10065"}],"curies":[{"name":"wp","href":"https:\/\/api.w.org\/{rel}","templated":true}]}}