{"id":6676,"date":"2021-10-21T13:45:46","date_gmt":"2021-10-21T13:45:46","guid":{"rendered":"https:\/\/alba.fi\/?page_id=6676"},"modified":"2021-10-23T11:24:32","modified_gmt":"2021-10-23T11:24:32","slug":"categories","status":"publish","type":"page","link":"https:\/\/alba.fi\/en\/categories\/","title":{"rendered":"Categories"},"content":{"rendered":"\n<div class=\"wp-block-columns is-layout-flex wp-container-core-columns-is-layout-28f84493 wp-block-columns-is-layout-flex\">\n<div class=\"wp-block-column is-layout-flow wp-block-column-is-layout-flow\" style=\"flex-basis:100%\">\n<div class=\"wp-block-group\"><div class=\"wp-block-group__inner-container is-layout-flow wp-block-group-is-layout-flow\">\n<div class=\"wp-block-columns is-layout-flex wp-container-core-columns-is-layout-28f84493 wp-block-columns-is-layout-flex\">\n<div class=\"wp-block-column is-layout-flow wp-block-column-is-layout-flow\" style=\"flex-basis:66.67%\"><div data-block-name=\"woocommerce\/product-categories\" class=\"wp-block-woocommerce-product-categories wc-block-product-categories is-list \" style=\"\"><ul class=\"wc-block-product-categories-list wc-block-product-categories-list--depth-0\">\t\t\t\t<li class=\"wc-block-product-categories-list-item\">\t\t\t\t\t<a style=\"\" href=\"https:\/\/alba.fi\/en\/category\/abacd-en\/\"><span class=\"wc-block-product-categories-list-item__name\">ABACD<\/span><\/a><span class=\"wc-block-product-categories-list-item-count\"><span aria-hidden=\"true\">27<\/span><span class=\"screen-reader-text\">27 products<\/span><\/span>\t\t\t\t<\/li>\t\t\t\t\t\t\t<li class=\"wc-block-product-categories-list-item\">\t\t\t\t\t<a style=\"\" href=\"https:\/\/alba.fi\/en\/category\/abcd-en\/\"><span class=\"wc-block-product-categories-list-item__name\">ABCD<\/span><\/a><span class=\"wc-block-product-categories-list-item-count\"><span aria-hidden=\"true\">429<\/span><span class=\"screen-reader-text\">429 products<\/span><\/span>\t\t\t\t<\/li>\t\t\t\t\t\t\t<li class=\"wc-block-product-categories-list-item\">\t\t\t\t\t<a style=\"\" href=\"https:\/\/alba.fi\/en\/category\/accordion\/\"><span class=\"wc-block-product-categories-list-item__name\">Accordion<\/span><\/a><span class=\"wc-block-product-categories-list-item-count\"><span aria-hidden=\"true\">15<\/span><span class=\"screen-reader-text\">15 products<\/span><\/span>\t\t\t\t<\/li>\t\t\t\t\t\t\t<li class=\"wc-block-product-categories-list-item\">\t\t\t\t\t<a style=\"\" href=\"https:\/\/alba.fi\/en\/category\/aitienpaiva-2022-en\/\"><span class=\"wc-block-product-categories-list-item__name\">\u00c4itienp\u00e4iv\u00e4 2022<\/span><\/a><span class=\"wc-block-product-categories-list-item-count\"><span aria-hidden=\"true\">2<\/span><span class=\"screen-reader-text\">2 products<\/span><\/span>\t\t\t\t<\/li>\t\t\t\t\t\t\t<li class=\"wc-block-product-categories-list-item\">\t\t\t\t\t<a style=\"\" href=\"https:\/\/alba.fi\/en\/category\/all-discs\/\"><span class=\"wc-block-product-categories-list-item__name\">All Discs<\/span><\/a><span class=\"wc-block-product-categories-list-item-count\"><span aria-hidden=\"true\">544<\/span><span class=\"screen-reader-text\">544 products<\/span><\/span>\t\t\t\t<\/li>\t\t\t\t\t\t\t<li class=\"wc-block-product-categories-list-item\">\t\t\t\t\t<a style=\"\" href=\"https:\/\/alba.fi\/en\/category\/bandoneon\/\"><span class=\"wc-block-product-categories-list-item__name\">Bandoneon<\/span><\/a><span class=\"wc-block-product-categories-list-item-count\"><span aria-hidden=\"true\">3<\/span><span class=\"screen-reader-text\">3 products<\/span><\/span>\t\t\t\t<\/li>\t\t\t\t\t\t\t<li class=\"wc-block-product-categories-list-item\">\t\t\t\t\t<a style=\"\" href=\"https:\/\/alba.fi\/en\/category\/baroque\/\"><span class=\"wc-block-product-categories-list-item__name\">Baroque<\/span><\/a><span class=\"wc-block-product-categories-list-item-count\"><span aria-hidden=\"true\">71<\/span><span class=\"screen-reader-text\">71 products<\/span><\/span>\t\t\t\t<\/li>\t\t\t\t\t\t\t<li class=\"wc-block-product-categories-list-item\">\t\t\t\t\t<a style=\"\" href=\"https:\/\/alba.fi\/en\/category\/blu-ray\/\"><span class=\"wc-block-product-categories-list-item__name\">Blu-Ray<\/span><\/a><span class=\"wc-block-product-categories-list-item-count\"><span aria-hidden=\"true\">2<\/span><span class=\"screen-reader-text\">2 products<\/span><\/span>\t\t\t\t<\/li>\t\t\t\t\t\t\t<li class=\"wc-block-product-categories-list-item\">\t\t\t\t\t<a style=\"\" href=\"https:\/\/alba.fi\/en\/category\/brass-instruments\/\"><span class=\"wc-block-product-categories-list-item__name\">Brass instruments<\/span><\/a><span class=\"wc-block-product-categories-list-item-count\"><span aria-hidden=\"true\">18<\/span><span class=\"screen-reader-text\">18 products<\/span><\/span>\t\t\t\t<\/li>\t\t\t\t\t\t\t<li class=\"wc-block-product-categories-list-item\">\t\t\t\t\t<a style=\"\" href=\"https:\/\/alba.fi\/en\/category\/cello\/\"><span class=\"wc-block-product-categories-list-item__name\">Cello<\/span><\/a><span class=\"wc-block-product-categories-list-item-count\"><span aria-hidden=\"true\">37<\/span><span class=\"screen-reader-text\">37 products<\/span><\/span>\t\t\t\t<\/li>\t\t\t\t\t\t\t<li class=\"wc-block-product-categories-list-item\">\t\t\t\t\t<a style=\"\" href=\"https:\/\/alba.fi\/en\/category\/children\/\"><span class=\"wc-block-product-categories-list-item__name\">Children&#039;s music<\/span><\/a><span class=\"wc-block-product-categories-list-item-count\"><span aria-hidden=\"true\">15<\/span><span class=\"screen-reader-text\">15 products<\/span><\/span>\t\t\t\t<\/li>\t\t\t\t\t\t\t<li class=\"wc-block-product-categories-list-item\">\t\t\t\t\t<a style=\"\" href=\"https:\/\/alba.fi\/en\/category\/choral-music\/\"><span class=\"wc-block-product-categories-list-item__name\">Choral music<\/span><\/a><span class=\"wc-block-product-categories-list-item-count\"><span aria-hidden=\"true\">80<\/span><span class=\"screen-reader-text\">80 products<\/span><\/span>\t\t\t\t<\/li>\t\t\t\t\t\t\t<li class=\"wc-block-product-categories-list-item\">\t\t\t\t\t<a style=\"\" href=\"https:\/\/alba.fi\/en\/category\/christmas\/\"><span class=\"wc-block-product-categories-list-item__name\">Christmas<\/span><\/a><span class=\"wc-block-product-categories-list-item-count\"><span aria-hidden=\"true\">13<\/span><span class=\"screen-reader-text\">13 products<\/span><\/span>\t\t\t\t<\/li>\t\t\t\t\t\t\t<li class=\"wc-block-product-categories-list-item\">\t\t\t\t\t<a style=\"\" href=\"https:\/\/alba.fi\/en\/category\/clarinet\/\"><span class=\"wc-block-product-categories-list-item__name\">Clarinet<\/span><\/a><span class=\"wc-block-product-categories-list-item-count\"><span aria-hidden=\"true\">12<\/span><span class=\"screen-reader-text\">12 products<\/span><\/span>\t\t\t\t<\/li>\t\t\t\t\t\t\t<li class=\"wc-block-product-categories-list-item\">\t\t\t\t\t<a style=\"\" href=\"https:\/\/alba.fi\/en\/category\/classic-romantic\/\"><span class=\"wc-block-product-categories-list-item__name\">Classic-Romantic<\/span><\/a><span class=\"wc-block-product-categories-list-item-count\"><span aria-hidden=\"true\">151<\/span><span class=\"screen-reader-text\">151 products<\/span><\/span>\t\t\t\t<\/li>\t\t\t\t\t\t\t<li class=\"wc-block-product-categories-list-item\">\t\t\t\t\t<a style=\"\" href=\"https:\/\/alba.fi\/en\/category\/contemporary-music\/\"><span class=\"wc-block-product-categories-list-item__name\">Contemporary music<\/span><\/a><span class=\"wc-block-product-categories-list-item-count\"><span aria-hidden=\"true\">282<\/span><span class=\"screen-reader-text\">282 products<\/span><\/span>\t\t\t\t<\/li>\t\t\t\t\t\t\t<li class=\"wc-block-product-categories-list-item\">\t\t\t\t\t<a style=\"\" href=\"https:\/\/alba.fi\/en\/category\/crossover\/\"><span class=\"wc-block-product-categories-list-item__name\">Crossover<\/span><\/a><span class=\"wc-block-product-categories-list-item-count\"><span aria-hidden=\"true\">62<\/span><span class=\"screen-reader-text\">62 products<\/span><\/span>\t\t\t\t<\/li>\t\t\t\t\t\t\t<li class=\"wc-block-product-categories-list-item\">\t\t\t\t\t<a style=\"\" href=\"https:\/\/alba.fi\/en\/category\/digital-release\/\"><span class=\"wc-block-product-categories-list-item__name\">Digital Release<\/span><\/a><span class=\"wc-block-product-categories-list-item-count\"><span aria-hidden=\"true\">26<\/span><span class=\"screen-reader-text\">26 products<\/span><\/span>\t\t\t\t<\/li>\t\t\t\t\t\t\t<li class=\"wc-block-product-categories-list-item\">\t\t\t\t\t<a style=\"\" href=\"https:\/\/alba.fi\/en\/category\/flute\/\"><span class=\"wc-block-product-categories-list-item__name\">Flute<\/span><\/a><span class=\"wc-block-product-categories-list-item-count\"><span aria-hidden=\"true\">13<\/span><span class=\"screen-reader-text\">13 products<\/span><\/span>\t\t\t\t<\/li>\t\t\t\t\t\t\t<li class=\"wc-block-product-categories-list-item\">\t\t\t\t\t<a style=\"\" href=\"https:\/\/alba.fi\/en\/category\/tulossa-en\/\"><span class=\"wc-block-product-categories-list-item__name\">Forthcoming releases<\/span><\/a><span class=\"wc-block-product-categories-list-item-count\"><span aria-hidden=\"true\">1<\/span><span class=\"screen-reader-text\">1 product<\/span><\/span>\t\t\t\t<\/li>\t\t\t\t\t\t\t<li class=\"wc-block-product-categories-list-item\">\t\t\t\t\t<a style=\"\" href=\"https:\/\/alba.fi\/en\/category\/french-horn\/\"><span class=\"wc-block-product-categories-list-item__name\">French Horn<\/span><\/a><span class=\"wc-block-product-categories-list-item-count\"><span aria-hidden=\"true\">8<\/span><span class=\"screen-reader-text\">8 products<\/span><\/span>\t\t\t\t<\/li>\t\t\t\t\t\t\t<li class=\"wc-block-product-categories-list-item\">\t\t\t\t\t<a style=\"\" href=\"https:\/\/alba.fi\/en\/category\/general\/\"><span class=\"wc-block-product-categories-list-item__name\">General<\/span><\/a><span class=\"wc-block-product-categories-list-item-count\"><span aria-hidden=\"true\">36<\/span><span class=\"screen-reader-text\">36 products<\/span><\/span>\t\t\t\t<\/li>\t\t\t\t\t\t\t<li class=\"wc-block-product-categories-list-item\">\t\t\t\t\t<a style=\"\" href=\"https:\/\/alba.fi\/en\/category\/gospel\/\"><span class=\"wc-block-product-categories-list-item__name\">Gospel<\/span><\/a><span class=\"wc-block-product-categories-list-item-count\"><span aria-hidden=\"true\">8<\/span><span class=\"screen-reader-text\">8 products<\/span><\/span>\t\t\t\t<\/li>\t\t\t\t\t\t\t<li class=\"wc-block-product-categories-list-item\">\t\t\t\t\t<a style=\"\" href=\"https:\/\/alba.fi\/en\/category\/guitar\/\"><span class=\"wc-block-product-categories-list-item__name\">Guitar<\/span><\/a><span class=\"wc-block-product-categories-list-item-count\"><span aria-hidden=\"true\">37<\/span><span class=\"screen-reader-text\">37 products<\/span><\/span>\t\t\t\t<\/li>\t\t\t\t\t\t\t<li class=\"wc-block-product-categories-list-item\">\t\t\t\t\t<a style=\"\" href=\"https:\/\/alba.fi\/en\/category\/harpsichord\/\"><span class=\"wc-block-product-categories-list-item__name\">Harpsichord<\/span><\/a><span class=\"wc-block-product-categories-list-item-count\"><span aria-hidden=\"true\">23<\/span><span class=\"screen-reader-text\">23 products<\/span><\/span>\t\t\t\t<\/li>\t\t\t\t\t\t\t<li class=\"wc-block-product-categories-list-item\">\t\t\t\t\t<a style=\"\" href=\"https:\/\/alba.fi\/en\/category\/jazz\/\"><span class=\"wc-block-product-categories-list-item__name\">Jazz<\/span><\/a><span class=\"wc-block-product-categories-list-item-count\"><span aria-hidden=\"true\">50<\/span><span class=\"screen-reader-text\">50 products<\/span><\/span>\t\t\t\t<\/li>\t\t\t\t\t\t\t<li class=\"wc-block-product-categories-list-item\">\t\t\t\t\t<a style=\"\" href=\"https:\/\/alba.fi\/en\/category\/kirjat-en\/\"><span class=\"wc-block-product-categories-list-item__name\">Kirjat<\/span><\/a><span class=\"wc-block-product-categories-list-item-count\"><span aria-hidden=\"true\">1<\/span><span class=\"screen-reader-text\">1 product<\/span><\/span>\t\t\t\t<\/li>\t\t\t\t\t\t\t<li class=\"wc-block-product-categories-list-item\">\t\t\t\t\t<a style=\"\" href=\"https:\/\/alba.fi\/en\/category\/latest-releases\/\"><span class=\"wc-block-product-categories-list-item__name\">Latest releases<\/span><\/a><span class=\"wc-block-product-categories-list-item-count\"><span aria-hidden=\"true\">71<\/span><span class=\"screen-reader-text\">71 products<\/span><\/span>\t\t\t\t<\/li>\t\t\t\t\t\t\t<li class=\"wc-block-product-categories-list-item\">\t\t\t\t\t<a style=\"\" href=\"https:\/\/alba.fi\/en\/category\/medieval\/\"><span class=\"wc-block-product-categories-list-item__name\">Medieval<\/span><\/a><span class=\"wc-block-product-categories-list-item-count\"><span aria-hidden=\"true\">10<\/span><span class=\"screen-reader-text\">10 products<\/span><\/span>\t\t\t\t<\/li>\t\t\t\t\t\t\t<li class=\"wc-block-product-categories-list-item\">\t\t\t\t\t<a style=\"\" href=\"https:\/\/alba.fi\/en\/category\/muut-levyt-en\/\"><span class=\"wc-block-product-categories-list-item__name\">Muut levyt<\/span><\/a><span class=\"wc-block-product-categories-list-item-count\"><span aria-hidden=\"true\">3<\/span><span class=\"screen-reader-text\">3 products<\/span><\/span>\t\t\t\t<\/li>\t\t\t\t\t\t\t<li class=\"wc-block-product-categories-list-item\">\t\t\t\t\t<a style=\"\" href=\"https:\/\/alba.fi\/en\/category\/ncd-en\/\"><span class=\"wc-block-product-categories-list-item__name\">NCD<\/span><\/a><span class=\"wc-block-product-categories-list-item-count\"><span aria-hidden=\"true\">64<\/span><span class=\"screen-reader-text\">64 products<\/span><\/span>\t\t\t\t<\/li>\t\t\t\t\t\t\t<li class=\"wc-block-product-categories-list-item\">\t\t\t\t\t<a style=\"\" href=\"https:\/\/alba.fi\/en\/category\/no-catagory\/\"><span class=\"wc-block-product-categories-list-item__name\">No catagory<\/span><\/a><span class=\"wc-block-product-categories-list-item-count\"><span aria-hidden=\"true\">6<\/span><span class=\"screen-reader-text\">6 products<\/span><\/span>\t\t\t\t<\/li>\t\t\t\t\t\t\t<li class=\"wc-block-product-categories-list-item\">\t\t\t\t\t<a style=\"\" href=\"https:\/\/alba.fi\/en\/category\/offers\/\"><span class=\"wc-block-product-categories-list-item__name\">Offers<\/span><\/a><span class=\"wc-block-product-categories-list-item-count\"><span aria-hidden=\"true\">24<\/span><span class=\"screen-reader-text\">24 products<\/span><\/span><ul class=\"wc-block-product-categories-list wc-block-product-categories-list--depth-1\">\t\t\t\t<li class=\"wc-block-product-categories-list-item\">\t\t\t\t\t<a style=\"\" href=\"https:\/\/alba.fi\/en\/category\/offers\/blackfriday-en\/\"><span class=\"wc-block-product-categories-list-item__name\">BLACK FRIDAY<\/span><\/a><span class=\"wc-block-product-categories-list-item-count\"><span aria-hidden=\"true\">24<\/span><span class=\"screen-reader-text\">24 products<\/span><\/span>\t\t\t\t<\/li>\t\t\t<\/ul>\t\t\t\t<\/li>\t\t\t\t\t\t\t<li class=\"wc-block-product-categories-list-item\">\t\t\t\t\t<a style=\"\" href=\"https:\/\/alba.fi\/en\/category\/old-music\/\"><span class=\"wc-block-product-categories-list-item__name\">Old Music<\/span><\/a><span class=\"wc-block-product-categories-list-item-count\"><span aria-hidden=\"true\">84<\/span><span class=\"screen-reader-text\">84 products<\/span><\/span>\t\t\t\t<\/li>\t\t\t\t\t\t\t<li class=\"wc-block-product-categories-list-item\">\t\t\t\t\t<a style=\"\" href=\"https:\/\/alba.fi\/en\/category\/opera\/\"><span class=\"wc-block-product-categories-list-item__name\">Opera<\/span><\/a><span class=\"wc-block-product-categories-list-item-count\"><span aria-hidden=\"true\">11<\/span><span class=\"screen-reader-text\">11 products<\/span><\/span>\t\t\t\t<\/li>\t\t\t\t\t\t\t<li class=\"wc-block-product-categories-list-item\">\t\t\t\t\t<a style=\"\" href=\"https:\/\/alba.fi\/en\/category\/orchestral\/\"><span class=\"wc-block-product-categories-list-item__name\">Orchestral<\/span><\/a><span class=\"wc-block-product-categories-list-item-count\"><span aria-hidden=\"true\">115<\/span><span class=\"screen-reader-text\">115 products<\/span><\/span>\t\t\t\t<\/li>\t\t\t\t\t\t\t<li class=\"wc-block-product-categories-list-item\">\t\t\t\t\t<a style=\"\" href=\"https:\/\/alba.fi\/en\/category\/organ\/\"><span class=\"wc-block-product-categories-list-item__name\">Organ<\/span><\/a><span class=\"wc-block-product-categories-list-item-count\"><span aria-hidden=\"true\">36<\/span><span class=\"screen-reader-text\">36 products<\/span><\/span>\t\t\t\t<\/li>\t\t\t\t\t\t\t<li class=\"wc-block-product-categories-list-item\">\t\t\t\t\t<a style=\"\" href=\"https:\/\/alba.fi\/en\/category\/other-instruments\/\"><span class=\"wc-block-product-categories-list-item__name\">Other instruments<\/span><\/a><span class=\"wc-block-product-categories-list-item-count\"><span aria-hidden=\"true\">22<\/span><span class=\"screen-reader-text\">22 products<\/span><\/span>\t\t\t\t<\/li>\t\t\t\t\t\t\t<li class=\"wc-block-product-categories-list-item\">\t\t\t\t\t<a style=\"\" href=\"https:\/\/alba.fi\/en\/category\/period-instruments\/\"><span class=\"wc-block-product-categories-list-item__name\">Period instruments<\/span><\/a><span class=\"wc-block-product-categories-list-item-count\"><span aria-hidden=\"true\">57<\/span><span class=\"screen-reader-text\">57 products<\/span><\/span>\t\t\t\t<\/li>\t\t\t\t\t\t\t<li class=\"wc-block-product-categories-list-item\">\t\t\t\t\t<a style=\"\" href=\"https:\/\/alba.fi\/en\/category\/piano\/\"><span class=\"wc-block-product-categories-list-item__name\">Piano<\/span><\/a><span class=\"wc-block-product-categories-list-item-count\"><span aria-hidden=\"true\">96<\/span><span class=\"screen-reader-text\">96 products<\/span><\/span>\t\t\t\t<\/li>\t\t\t\t\t\t\t<li class=\"wc-block-product-categories-list-item\">\t\t\t\t\t<a style=\"\" href=\"https:\/\/alba.fi\/en\/category\/popular-music\/\"><span class=\"wc-block-product-categories-list-item__name\">Popular music<\/span><\/a><span class=\"wc-block-product-categories-list-item-count\"><span aria-hidden=\"true\">80<\/span><span class=\"screen-reader-text\">80 products<\/span><\/span>\t\t\t\t<\/li>\t\t\t\t\t\t\t<li class=\"wc-block-product-categories-list-item\">\t\t\t\t\t<a style=\"\" href=\"https:\/\/alba.fi\/en\/category\/pure-audio-blu-ray\/\"><span class=\"wc-block-product-categories-list-item__name\">Pure audio Blu-Ray<\/span><\/a><span class=\"wc-block-product-categories-list-item-count\"><span aria-hidden=\"true\">1<\/span><span class=\"screen-reader-text\">1 product<\/span><\/span>\t\t\t\t<\/li>\t\t\t\t\t\t\t<li class=\"wc-block-product-categories-list-item\">\t\t\t\t\t<a style=\"\" href=\"https:\/\/alba.fi\/en\/category\/renaissance\/\"><span class=\"wc-block-product-categories-list-item__name\">Renaissance<\/span><\/a><span class=\"wc-block-product-categories-list-item-count\"><span aria-hidden=\"true\">5<\/span><span class=\"screen-reader-text\">5 products<\/span><\/span>\t\t\t\t<\/li>\t\t\t\t\t\t\t<li class=\"wc-block-product-categories-list-item\">\t\t\t\t\t<a style=\"\" href=\"https:\/\/alba.fi\/en\/category\/sacd-cd\/\"><span class=\"wc-block-product-categories-list-item__name\">SACD\/CD<\/span><\/a><span class=\"wc-block-product-categories-list-item-count\"><span aria-hidden=\"true\">126<\/span><span class=\"screen-reader-text\">126 products<\/span><\/span>\t\t\t\t<\/li>\t\t\t\t\t\t\t<li class=\"wc-block-product-categories-list-item\">\t\t\t\t\t<a style=\"\" href=\"https:\/\/alba.fi\/en\/category\/sacral-music\/\"><span class=\"wc-block-product-categories-list-item__name\">Sacred music<\/span><\/a><span class=\"wc-block-product-categories-list-item-count\"><span aria-hidden=\"true\">44<\/span><span class=\"screen-reader-text\">44 products<\/span><\/span>\t\t\t\t<\/li>\t\t\t\t\t\t\t<li class=\"wc-block-product-categories-list-item\">\t\t\t\t\t<a style=\"\" href=\"https:\/\/alba.fi\/en\/category\/tango-nuevo\/\"><span class=\"wc-block-product-categories-list-item__name\">Tango Nuevo<\/span><\/a><span class=\"wc-block-product-categories-list-item-count\"><span aria-hidden=\"true\">7<\/span><span class=\"screen-reader-text\">7 products<\/span><\/span>\t\t\t\t<\/li>\t\t\t\t\t\t\t<li class=\"wc-block-product-categories-list-item\">\t\t\t\t\t<a style=\"\" href=\"https:\/\/alba.fi\/en\/category\/traverso\/\"><span class=\"wc-block-product-categories-list-item__name\">Traverso<\/span><\/a><span class=\"wc-block-product-categories-list-item-count\"><span aria-hidden=\"true\">3<\/span><span class=\"screen-reader-text\">3 products<\/span><\/span>\t\t\t\t<\/li>\t\t\t\t\t\t\t<li class=\"wc-block-product-categories-list-item\">\t\t\t\t\t<a style=\"\" href=\"https:\/\/alba.fi\/en\/category\/tritonus-en\/\"><span class=\"wc-block-product-categories-list-item__name\">TRITONUS<\/span><\/a><span class=\"wc-block-product-categories-list-item-count\"><span aria-hidden=\"true\">2<\/span><span class=\"screen-reader-text\">2 products<\/span><\/span>\t\t\t\t<\/li>\t\t\t\t\t\t\t<li class=\"wc-block-product-categories-list-item\">\t\t\t\t\t<a style=\"\" href=\"https:\/\/alba.fi\/en\/category\/trumpetti\/\"><span class=\"wc-block-product-categories-list-item__name\">Trumpet<\/span><\/a><span class=\"wc-block-product-categories-list-item-count\"><span aria-hidden=\"true\">10<\/span><span class=\"screen-reader-text\">10 products<\/span><\/span>\t\t\t\t<\/li>\t\t\t\t\t\t\t<li class=\"wc-block-product-categories-list-item\">\t\t\t\t\t<a style=\"\" href=\"https:\/\/alba.fi\/en\/category\/viola\/\"><span class=\"wc-block-product-categories-list-item__name\">Viola<\/span><\/a><span class=\"wc-block-product-categories-list-item-count\"><span aria-hidden=\"true\">1<\/span><span class=\"screen-reader-text\">1 product<\/span><\/span>\t\t\t\t<\/li>\t\t\t\t\t\t\t<li class=\"wc-block-product-categories-list-item\">\t\t\t\t\t<a style=\"\" href=\"https:\/\/alba.fi\/en\/category\/viola-da-gamba\/\"><span class=\"wc-block-product-categories-list-item__name\">Viola da Gamba<\/span><\/a><span class=\"wc-block-product-categories-list-item-count\"><span aria-hidden=\"true\">12<\/span><span class=\"screen-reader-text\">12 products<\/span><\/span>\t\t\t\t<\/li>\t\t\t\t\t\t\t<li class=\"wc-block-product-categories-list-item\">\t\t\t\t\t<a style=\"\" href=\"https:\/\/alba.fi\/en\/category\/violin\/\"><span class=\"wc-block-product-categories-list-item__name\">Violin<\/span><\/a><span class=\"wc-block-product-categories-list-item-count\"><span aria-hidden=\"true\">48<\/span><span class=\"screen-reader-text\">48 products<\/span><\/span>\t\t\t\t<\/li>\t\t\t\t\t\t\t<li class=\"wc-block-product-categories-list-item\">\t\t\t\t\t<a style=\"\" href=\"https:\/\/alba.fi\/en\/category\/vocal-ensembles\/\"><span class=\"wc-block-product-categories-list-item__name\">Vocal ensembles<\/span><\/a><span class=\"wc-block-product-categories-list-item-count\"><span aria-hidden=\"true\">21<\/span><span class=\"screen-reader-text\">21 products<\/span><\/span>\t\t\t\t<\/li>\t\t\t\t\t\t\t<li class=\"wc-block-product-categories-list-item\">\t\t\t\t\t<a style=\"\" href=\"https:\/\/alba.fi\/en\/category\/vocal-music\/\"><span class=\"wc-block-product-categories-list-item__name\">Vocal music<\/span><\/a><span class=\"wc-block-product-categories-list-item-count\"><span aria-hidden=\"true\">104<\/span><span class=\"screen-reader-text\">104 products<\/span><\/span>\t\t\t\t<\/li>\t\t\t\t\t\t\t<li class=\"wc-block-product-categories-list-item\">\t\t\t\t\t<a style=\"\" href=\"https:\/\/alba.fi\/en\/category\/world-music\/\"><span class=\"wc-block-product-categories-list-item__name\">World music<\/span><\/a><span class=\"wc-block-product-categories-list-item-count\"><span aria-hidden=\"true\">36<\/span><span class=\"screen-reader-text\">36 products<\/span><\/span>\t\t\t\t<\/li>\t\t\t<\/ul><\/div><\/div>\n<\/div>\n<\/div><\/div>\n<\/div>\n<\/div>\n","protected":false},"excerpt":{"rendered":"","protected":false},"author":2,"featured_media":0,"parent":0,"menu_order":0,"comment_status":"closed","ping_status":"closed","template":"","meta":{"_acf_changed":false,"_themeisle_gutenberg_block_has_review":false,"footnotes":""},"class_list":["post-6676","page","type-page","status-publish","hentry"],"acf":[],"_links":{"self":[{"href":"https:\/\/alba.fi\/en\/wp-json\/wp\/v2\/pages\/6676","targetHints":{"allow":["GET"]}}],"collection":[{"href":"https:\/\/alba.fi\/en\/wp-json\/wp\/v2\/pages"}],"about":[{"href":"https:\/\/alba.fi\/en\/wp-json\/wp\/v2\/types\/page"}],"author":[{"embeddable":true,"href":"https:\/\/alba.fi\/en\/wp-json\/wp\/v2\/users\/2"}],"replies":[{"embeddable":true,"href":"https:\/\/alba.fi\/en\/wp-json\/wp\/v2\/comments?post=6676"}],"version-history":[{"count":3,"href":"https:\/\/alba.fi\/en\/wp-json\/wp\/v2\/pages\/6676\/revisions"}],"predecessor-version":[{"id":7162,"href":"https:\/\/alba.fi\/en\/wp-json\/wp\/v2\/pages\/6676\/revisions\/7162"}],"wp:attachment":[{"href":"https:\/\/alba.fi\/en\/wp-json\/wp\/v2\/media?parent=6676"}],"curies":[{"name":"wp","href":"https:\/\/api.w.org\/{rel}","templated":true}]}}